{"id":241060,"date":"2025-07-01T18:21:04","date_gmt":"2025-07-01T16:21:04","guid":{"rendered":"https:\/\/cilecuba.com\/?page_id=241060"},"modified":"2025-07-29T06:58:22","modified_gmt":"2025-07-29T04:58:22","slug":"servicio-social","status":"publish","type":"page","link":"https:\/\/cilecuba.com\/index.php\/servicio-social\/","title":{"rendered":"SERVICIO SOCIAL"},"content":{"rendered":"<p>[et_pb_section fb_built=\u00bb1&#8243; fullwidth=\u00bbon\u00bb _builder_version=\u00bb4.9.4&#8243; _module_preset=\u00bbdefault\u00bb][et_pb_fullwidth_image src=\u00bbhttps:\/\/cilecuba.com\/wp-content\/uploads\/2025\/06\/encasa.jpg\u00bb title_text=\u00bbbioneuro1&#8243; _builder_version=\u00bb4.9.4&#8243; _module_preset=\u00bbdefault\u00bb custom_margin=\u00bb-1px||||false|false\u00bb][\/et_pb_fullwidth_image][\/et_pb_section][et_pb_section fb_built=\u00bb1&#8243; _builder_version=\u00bb4.9.4&#8243; _module_preset=\u00bbdefault\u00bb background_color=\u00bbRGBA(0,0,0,0)\u00bb custom_margin=\u00bb3px||||false|false\u00bb custom_padding=\u00bb22px||0px||false|false\u00bb][et_pb_row _builder_version=\u00bb4.9.4&#8243; _module_preset=\u00bbdefault\u00bb custom_padding=\u00bb3px|||||\u00bb][et_pb_column type=\u00bb4_4&#8243; _builder_version=\u00bb4.9.4&#8243; _module_preset=\u00bbdefault\u00bb][dnxte_text_divider dnxt_divider_text=\u00bbSERVICIO A LA COMUNIDAD\u00bb heading_tag=\u00bbh1&#8243; _builder_version=\u00bb4.9.4&#8243; _module_preset=\u00bbdefault\u00bb dnxt_divider_fonts_font=\u00bbMontserrat|700|||||||\u00bb dnxt_divider_fonts_text_color=\u00bb#474747&#8243; dnxt_divider_fonts_font_size=\u00bb29px\u00bb background_color=\u00bbRGBA(0,0,0,0)\u00bb custom_margin=\u00bb22px||33px|||\u00bb custom_padding=\u00bb9px||0px|||\u00bb dnxt_divider_fonts_text_shadow_style=\u00bbpreset1&#8243;][\/dnxte_text_divider][\/et_pb_column][\/et_pb_row][et_pb_row _builder_version=\u00bb4.9.4&#8243; _module_preset=\u00bbdefault\u00bb][et_pb_column type=\u00bb4_4&#8243; _builder_version=\u00bb4.9.4&#8243; _module_preset=\u00bbdefault\u00bb][et_pb_image src=\u00bbhttps:\/\/cilecuba.com\/wp-content\/uploads\/2025\/07\/C6.jpg\u00bb title_text=\u00bbC6&#8243; _builder_version=\u00bb4.9.4&#8243; _module_preset=\u00bbdefault\u00bb][\/et_pb_image][\/et_pb_column][\/et_pb_row][et_pb_row _builder_version=\u00bb4.9.4&#8243; _module_preset=\u00bbdefault\u00bb custom_margin=\u00bb-9px|auto||auto||\u00bb custom_padding=\u00bb0px|||||\u00bb][et_pb_column type=\u00bb4_4&#8243; _builder_version=\u00bb4.9.4&#8243; _module_preset=\u00bbdefault\u00bb][et_pb_text _builder_version=\u00bb4.9.4&#8243; _module_preset=\u00bbdefault\u00bb custom_margin=\u00bb17px||46px|||\u00bb]<\/p>\n<p style=\"text-align: justify;\">El \u00abServicio en la Comunidad\u00bb lo desarrollo en CARAVANAS ITINERANTES DE SALUD PREVENTIVA que realizan diferentes instituciones PUBLICAS Y PRIVADAS, como tambi\u00e9n en conferencias a las cuales soy invitada. A continuaci\u00f3n, hago la presentaci\u00f3n, considerando los valores y la imagen positiva que suelen asociarse a la labor que desarrollo en la comunidad.<\/p>\n<p style=\"text-align: justify;\">Nosotros los cubanos somos m\u00e1s que profesionales de la salud; somos personas que dedicamos nuestras vidas a servir a los dem\u00e1s. Solidariz\u00e1ndonos con el paciente sin importar las fronteras ni las barreras sociales, nuestro compromiso con la salud y el bienestar de las personas es inquebrantable.<br \/>Con un esp\u00edritu de solidaridad y compasi\u00f3n, nos desplazamos a los rincones m\u00e1s remotos de la ciudad para brindar atenci\u00f3n a quienes m\u00e1s lo necesitan. Nuestra presencia es un rayo de esperanza en lugares donde la atenci\u00f3n es escasa o inaccesible.<\/p>\n<p style=\"text-align: justify;\">No solo tratamos enfermedades, sino que tambi\u00e9n educamos y empoderamos a las comunidades. Les ense\u00f1amos sobre h\u00e1bitos saludables, prevenci\u00f3n de enfermedades y la importancia de cuidar su salud mental de manera preventiva.<br \/>Nuestra dedicaci\u00f3n y entrega son un testimonio del poder de la humanidad y la capacidad de marcar la diferencia en la vida de las personas.<\/p>\n<p>[\/et_pb_text][\/et_pb_column][\/et_pb_row][\/et_pb_section][et_pb_section fb_built=\u00bb1&#8243; fullwidth=\u00bbon\u00bb _builder_version=\u00bb4.9.4&#8243; _module_preset=\u00bbdefault\u00bb][et_pb_fullwidth_header title=\u00bbMi servicio terap\u00e9utico es un canal de transformaci\u00f3n emocional\u00bb _builder_version=\u00bb4.9.4&#8243; _module_preset=\u00bbdefault\u00bb title_font=\u00bb|700|||||||\u00bb title_text_align=\u00bbcenter\u00bb title_font_size=\u00bb40px\u00bb background_color=\u00bb#E02B20&#8243; custom_margin=\u00bb||||false|false\u00bb][\/et_pb_fullwidth_header][\/et_pb_section]<\/p>\n","protected":false},"excerpt":{"rendered":"<p>[et_pb_section fb_built=\u00bb1&#8243; fullwidth=\u00bbon\u00bb _builder_version=\u00bb4.9.4&#8243; _module_preset=\u00bbdefault\u00bb][et_pb_fullwidth_image src=\u00bbhttps:\/\/cilecuba.com\/wp-content\/uploads\/2025\/06\/encasa.jpg\u00bb title_text=\u00bbbioneuro1&#8243; _builder_version=\u00bb4.9.4&#8243; _module_preset=\u00bbdefault\u00bb custom_margin=\u00bb-1px||||false|false\u00bb][\/et_pb_fullwidth_image][\/et_pb_section][et_pb_section fb_built=\u00bb1&#8243; _builder_version=\u00bb4.9.4&#8243; _module_preset=\u00bbdefault\u00bb background_color=\u00bbRGBA(0,0,0,0)\u00bb custom_margin=\u00bb3px||||false|false\u00bb custom_padding=\u00bb22px||0px||false|false\u00bb][et_pb_row _builder_version=\u00bb4.9.4&#8243; _module_preset=\u00bbdefault\u00bb custom_padding=\u00bb3px|||||\u00bb][et_pb_column type=\u00bb4_4&#8243; _builder_version=\u00bb4.9.4&#8243; _module_preset=\u00bbdefault\u00bb][dnxte_text_divider dnxt_divider_text=\u00bbSERVICIO A LA COMUNIDAD\u00bb heading_tag=\u00bbh1&#8243; _builder_version=\u00bb4.9.4&#8243; _module_preset=\u00bbdefault\u00bb dnxt_divider_fonts_font=\u00bbMontserrat|700|||||||\u00bb dnxt_divider_fonts_text_color=\u00bb#474747&#8243; dnxt_divider_fonts_font_size=\u00bb29px\u00bb background_color=\u00bbRGBA(0,0,0,0)\u00bb custom_margin=\u00bb22px||33px|||\u00bb custom_padding=\u00bb9px||0px|||\u00bb dnxt_divider_fonts_text_shadow_style=\u00bbpreset1&#8243;][\/dnxte_text_divider][\/et_pb_column][\/et_pb_row][et_pb_row _builder_version=\u00bb4.9.4&#8243; _module_preset=\u00bbdefault\u00bb][et_pb_column type=\u00bb4_4&#8243; _builder_version=\u00bb4.9.4&#8243; _module_preset=\u00bbdefault\u00bb][et_pb_image src=\u00bbhttps:\/\/cilecuba.com\/wp-content\/uploads\/2025\/07\/C6.jpg\u00bb title_text=\u00bbC6&#8243; _builder_version=\u00bb4.9.4&#8243; _module_preset=\u00bbdefault\u00bb][\/et_pb_image][\/et_pb_column][\/et_pb_row][et_pb_row _builder_version=\u00bb4.9.4&#8243; _module_preset=\u00bbdefault\u00bb custom_margin=\u00bb-9px|auto||auto||\u00bb custom_padding=\u00bb0px|||||\u00bb][et_pb_column type=\u00bb4_4&#8243; _builder_version=\u00bb4.9.4&#8243; _module_preset=\u00bbdefault\u00bb][et_pb_text _builder_version=\u00bb4.9.4&#8243; _module_preset=\u00bbdefault\u00bb custom_margin=\u00bb17px||46px|||\u00bb] [&hellip;]<\/p>\n","protected":false},"author":1,"featured_media":0,"parent":0,"menu_order":0,"comment_status":"closed","ping_status":"closed","template":"","meta":{"_et_pb_use_builder":"on","_et_pb_old_content":"","_et_gb_content_width":"","_joinchat":[],"footnotes":""},"class_list":["post-241060","page","type-page","status-publish","hentry"],"_links":{"self":[{"href":"https:\/\/cilecuba.com\/index.php\/wp-json\/wp\/v2\/pages\/241060","targetHints":{"allow":["GET"]}}],"collection":[{"href":"https:\/\/cilecuba.com\/index.php\/wp-json\/wp\/v2\/pages"}],"about":[{"href":"https:\/\/cilecuba.com\/index.php\/wp-json\/wp\/v2\/types\/page"}],"author":[{"embeddable":true,"href":"https:\/\/cilecuba.com\/index.php\/wp-json\/wp\/v2\/users\/1"}],"replies":[{"embeddable":true,"href":"https:\/\/cilecuba.com\/index.php\/wp-json\/wp\/v2\/comments?post=241060"}],"version-history":[{"count":9,"href":"https:\/\/cilecuba.com\/index.php\/wp-json\/wp\/v2\/pages\/241060\/revisions"}],"predecessor-version":[{"id":241380,"href":"https:\/\/cilecuba.com\/index.php\/wp-json\/wp\/v2\/pages\/241060\/revisions\/241380"}],"wp:attachment":[{"href":"https:\/\/cilecuba.com\/index.php\/wp-json\/wp\/v2\/media?parent=241060"}],"curies":[{"name":"wp","href":"https:\/\/api.w.org\/{rel}","templated":true}]}}