{"id":240995,"date":"2025-06-08T21:47:53","date_gmt":"2025-06-08T19:47:53","guid":{"rendered":"https:\/\/cilecuba.com\/?page_id=240995"},"modified":"2025-07-26T04:33:06","modified_gmt":"2025-07-26T02:33:06","slug":"solicita","status":"publish","type":"page","link":"https:\/\/cilecuba.com\/index.php\/solicita\/","title":{"rendered":"solicita"},"content":{"rendered":"<p>[et_pb_section fb_built=\u00bb1&#8243; fullwidth=\u00bbon\u00bb _builder_version=\u00bb4.9.4&#8243; _module_preset=\u00bbdefault\u00bb][et_pb_fullwidth_image src=\u00bbhttps:\/\/cilecuba.com\/wp-content\/uploads\/2025\/06\/bioneuro3.jpg\u00bb title_text=\u00bbbioneuro3&#8243; _builder_version=\u00bb4.9.4&#8243; _module_preset=\u00bbdefault\u00bb custom_margin=\u00bb152px||||false|false\u00bb][\/et_pb_fullwidth_image][\/et_pb_section][et_pb_section fb_built=\u00bb1&#8243; _builder_version=\u00bb4.9.4&#8243; _module_preset=\u00bbdefault\u00bb background_color=\u00bbRGBA(0,0,0,0)\u00bb custom_margin=\u00bb3px||||false|false\u00bb custom_padding=\u00bb||0px||false|false\u00bb][et_pb_row column_structure=\u00bb1_2,1_2&#8243; _builder_version=\u00bb4.9.4&#8243; _module_preset=\u00bbdefault\u00bb custom_margin=\u00bb-33px|auto||auto||\u00bb custom_padding=\u00bb||0px|||\u00bb][et_pb_column type=\u00bb1_2&#8243; _builder_version=\u00bb4.9.4&#8243; _module_preset=\u00bbdefault\u00bb][et_pb_image src=\u00bbhttps:\/\/cilecuba.com\/wp-content\/uploads\/2025\/06\/ddd2.jpg\u00bb title_text=\u00bbddd2&#8243; _builder_version=\u00bb4.9.4&#8243; _module_preset=\u00bbdefault\u00bb custom_margin=\u00bb-2px|||||\u00bb][\/et_pb_image][\/et_pb_column][et_pb_column type=\u00bb1_2&#8243; _builder_version=\u00bb4.9.4&#8243; _module_preset=\u00bbdefault\u00bb][et_pb_text _builder_version=\u00bb4.9.4&#8243; _module_preset=\u00bbdefault\u00bb text_font_size=\u00bb46px\u00bb]<\/p>\n<p style=\"text-align: center;\"><strong>Tu Transformaci\u00f3n<\/strong><\/p>\n<p style=\"text-align: center;\"><strong>\u00a1Ahora!<\/strong><\/p>\n<p>[\/et_pb_text][et_pb_text _builder_version=\u00bb4.9.4&#8243; _module_preset=\u00bbdefault\u00bb text_font_size=\u00bb46px\u00bb custom_margin=\u00bb51px|||||\u00bb]<\/p>\n<p style=\"text-align: center;\"><strong>Con la<\/strong><\/p>\n<p>[\/et_pb_text][et_pb_text _builder_version=\u00bb4.9.4&#8243; _module_preset=\u00bbdefault\u00bb text_font_size=\u00bb46px\u00bb custom_margin=\u00bb51px|||||\u00bb]<\/p>\n<p style=\"text-align: center;\"><span style=\"color: #ff0000;\"><strong>Biodescodificaci\u00f3n<\/strong><\/span><\/p>\n<p>[\/et_pb_text][\/et_pb_column][\/et_pb_row][et_pb_row column_structure=\u00bb1_2,1_2&#8243; _builder_version=\u00bb4.9.4&#8243; _module_preset=\u00bbdefault\u00bb custom_padding=\u00bb||0px|||\u00bb][et_pb_column type=\u00bb1_2&#8243; _builder_version=\u00bb4.9.4&#8243; _module_preset=\u00bbdefault\u00bb][et_pb_text _builder_version=\u00bb4.9.4&#8243; _module_preset=\u00bbdefault\u00bb custom_margin=\u00bb||-2px|||\u00bb]<\/p>\n<h4><strong>Experimenta cambios\u00a0<u>desde<\/u>\u00a0la\u00a0<u>primera<\/u>\u00a0sesi\u00f3n.<\/strong><\/h4>\n<p><strong>\u00a0<\/strong><span style=\"font-size: 14px;\">Ser\u00e1 maravilloso tenerte aqu\u00ed, y \u00bfsabes por qu\u00e9?<\/span><\/p>\n<p>Porque vas a experimentar los primeros cambios ahora mismo, tan pronto como comiences.<\/p>\n<h4><strong>\u00bfY qu\u00e9 es lo que necesitas para sentirte diferente?<\/strong><\/h4>\n<p><strong>\u00a0<\/strong>Solamente culminar las terapias, para luego:<\/p>\n<p>\u2013 Transformar tus h\u00e1bitos.<\/p>\n<p>\u2013 Disminuir tus dolores.<\/p>\n<p>\u2013 Ver c\u00f3mo mejoran tus relaciones familiares.<\/p>\n<p>\u2013 Valorarte m\u00e1s.<\/p>\n<p>\u2013 Creer en ti.<\/p>\n<p>\u2013 Recibir amor.<\/p>\n<p>\u2013 Vivir sin miedo, sin culpa,\u00a0<u>sin<\/u>\u00a0<u>rabia<\/u>.<\/p>\n<p>[\/et_pb_text][\/et_pb_column][et_pb_column type=\u00bb1_2&#8243; _builder_version=\u00bb4.9.4&#8243; _module_preset=\u00bbdefault\u00bb][et_pb_text _builder_version=\u00bb4.9.4&#8243; _module_preset=\u00bbdefault\u00bb header_5_font_size=\u00bb18px\u00bb custom_margin=\u00bb||30px|||\u00bb]<\/p>\n<h5 style=\"text-align: justify;\"><strong>\u00bfCu\u00e1ntos a\u00f1os llevas viviendo y sufriendo de esta manera?<\/strong><\/h5>\n<p>Muchos a\u00f1os, casi toda una vida, esto quiere decir que hay heridas muy profundas de la infancia, hay comportamientos y creencias que has heredado.<\/p>\n<p>Y hay conexiones neuronales y h\u00e1bitos muy fuertes, muy enraizados, muy firmes que tenemos que desmontar y transformar poco a poco para no causar dolor, sino alegr\u00eda, amor de sentir un nuevo comienzo.<\/p>\n<h4><strong>! Y hay algo agradable para ti \u00a1<\/strong><\/h4>\n<p>No solo te reconstruir\u00e1s a placer en este viaje, sino que tambi\u00e9n te convertir\u00e1s en un referente de que los problemas personales tienen soluci\u00f3n mediante nuestras terapias.<\/p>\n<h4><strong>Y esto \u00bfC\u00f3mo lo percibir\u00e1s?<\/strong><\/h4>\n<p><strong>\u00a0<\/strong><span style=\"font-size: 14px;\">Que contaras con el conocimiento de esta metodolog\u00eda para referenciar y ayudar tambi\u00e9n a otras personas que sufren lo que t\u00fa sufr\u00edas y ya has sanado.<\/span><\/p>\n<p>No tienes que hacerlo, pero seguramente querr\u00e1s ayudar a alguien que encuentres en tu camino de la vida y tendr\u00e1s\u00a0la oportunidad de compartir tu experiencia.<\/p>\n<p>[\/et_pb_text][\/et_pb_column][\/et_pb_row][et_pb_row _builder_version=\u00bb4.9.4&#8243; _module_preset=\u00bbdefault\u00bb][et_pb_column type=\u00bb4_4&#8243; _builder_version=\u00bb4.9.4&#8243; _module_preset=\u00bbdefault\u00bb][et_pb_cta title=\u00bbAqu\u00ed hay un \u201cPERO\u201d grande\u2026 y es\u2026.. \u201cla barrera de las inhibiciones\u201d. \u00bb button_text=\u00bbClics\u00bb _builder_version=\u00bb4.9.4&#8243; _module_preset=\u00bbdefault\u00bb header_font=\u00bb|700|||||||\u00bb background_color=\u00bb#2CD4F2&#8243; custom_margin=\u00bb||32px|||\u00bb custom_padding=\u00bb||8px||false|false\u00bb][\/et_pb_cta][\/et_pb_column][\/et_pb_row][et_pb_row column_structure=\u00bb1_2,1_2&#8243; _builder_version=\u00bb4.9.4&#8243; _module_preset=\u00bbdefault\u00bb min_height=\u00bb194.2px\u00bb custom_padding=\u00bb2px|||||\u00bb][et_pb_column type=\u00bb1_2&#8243; _builder_version=\u00bb4.9.4&#8243; _module_preset=\u00bbdefault\u00bb][et_pb_text _builder_version=\u00bb4.9.4&#8243; _module_preset=\u00bbdefault\u00bb text_font_size=\u00bb18px\u00bb]<\/p>\n<p>Esto significa que \u201cmuchas carreras en la vida se han perdido antes de comenzarlas, porque inconscientemente hemos construido una \u201cbarrera mental\u201d -de inhibici\u00f3n- que nos impide avanzar y no lograr nuestros objetivos de vida.<\/p>\n<p>Algo que t\u00fa y yo conocemos y que te puede detener:<\/p>\n<p>&nbsp;<\/p>\n<h2><strong>EL MIEDO<\/strong>\u2026<\/h2>\n<p>&nbsp;<\/p>\n<p>El miedo ser\u00e1 lo que te frene de avanzar, siempre es el:<\/p>\n<ul>\n<li>Miedo al fracaso.<\/li>\n<li>Miedo a no poder.<\/li>\n<li>Miedo al rechazo.<\/li>\n<li>Miedo a lo desconocido.<\/li>\n<li>Miedo a la burla.<\/li>\n<li>Miedo a la verg\u00fcenza.<\/li>\n<li>Etc.<\/li>\n<\/ul>\n<p>[\/et_pb_text][\/et_pb_column][et_pb_column type=\u00bb1_2&#8243; _builder_version=\u00bb4.9.4&#8243; _module_preset=\u00bbdefault\u00bb][et_pb_text _builder_version=\u00bb4.9.4&#8243; _module_preset=\u00bbdefault\u00bb text_font_size=\u00bb18px\u00bb]<\/p>\n<h2><strong>TU MENTE\u2026<\/strong><\/h2>\n<p style=\"text-align: justify;\"><strong>\u00a0<\/strong><\/p>\n<p style=\"text-align: justify;\">Hay que resolver los conflictos\u00a0<u>internos<\/u>, porque\u00a0<u>el<\/u>\u00a0<u>80<\/u>% es lo que te dice tu mente<u>.<\/u> <strong>Y el 20% es tu acci\u00f3n<\/strong>.<\/p>\n<p style=\"text-align: justify;\">\n<p style=\"text-align: justify;\">Esos conflictos internos te hacen avanzar 2 pasos,\u00a0<u>pero te hacen retroceder 3.<\/u><\/p>\n<p style=\"text-align: justify;\">\n<p style=\"text-align: justify;\">Y cuando dices, voy a hacer esto, pero no lo haces, aunque tienes las posibilidades,\u00a0<strong>hay un conflicto interno que te lo est\u00e1 impidiendo,<\/strong>\u00a0(es tu 80%, es tu mente que te detiene).<\/p>\n<p style=\"text-align: justify;\">\n<p style=\"text-align: justify;\">Cu\u00e1ntas veces lo habr\u00e1s vivido en tu vida, cuantas veces habr\u00e1s decidido hacerlo diferente y has vuelto a lo mismo, \u201chasta que te olvidas\u201d.<\/p>\n<p style=\"text-align: justify;\"><strong>\u00a0<\/strong><\/p>\n<p style=\"text-align: justify;\"><strong>\u00bfCu\u00e1ntas?<\/strong>\u00a0\u2013 eso es el miedo, as\u00ed trabaja el miedo, \u201cte detiene\u201d<\/p>\n<p>[\/et_pb_text][\/et_pb_column][\/et_pb_row][\/et_pb_section][et_pb_section fb_built=\u00bb1&#8243; _builder_version=\u00bb4.9.4&#8243; _module_preset=\u00bbdefault\u00bb background_color=\u00bbRGBA(0,0,0,0)\u00bb custom_padding=\u00bb0px||2px|||\u00bb][et_pb_row _builder_version=\u00bb4.9.4&#8243; _module_preset=\u00bbdefault\u00bb custom_padding=\u00bb3px|||||\u00bb][et_pb_column type=\u00bb4_4&#8243; _builder_version=\u00bb4.9.4&#8243; _module_preset=\u00bbdefault\u00bb][et_pb_cta title=\u00bbTU TRANSFORMACI\u00d3N COMIENZA HOY Y AQU\u00cd CON LA BIODESCODIFICACI\u00d3N\u00bb button_text=\u00bbClics\u00bb _builder_version=\u00bb4.9.4&#8243; _module_preset=\u00bbdefault\u00bb header_font=\u00bb|700|||||||\u00bb header_font_size=\u00bb34px\u00bb header_line_height=\u00bb1.6em\u00bb background_color=\u00bb#2CD4F2&#8243; custom_margin=\u00bb||-4px|||\u00bb custom_padding=\u00bb||8px||false|false\u00bb][\/et_pb_cta][\/et_pb_column][\/et_pb_row][et_pb_row column_structure=\u00bb1_2,1_2&#8243; _builder_version=\u00bb4.9.4&#8243; _module_preset=\u00bbdefault\u00bb custom_padding=\u00bb||0px|||\u00bb][et_pb_column type=\u00bb1_2&#8243; _builder_version=\u00bb4.9.4&#8243; _module_preset=\u00bbdefault\u00bb][et_pb_image src=\u00bbhttps:\/\/cilecuba.com\/wp-content\/uploads\/2025\/06\/irinafoto2.jpg\u00bb _builder_version=\u00bb4.9.4&#8243; _module_preset=\u00bbdefault\u00bb][\/et_pb_image][\/et_pb_column][et_pb_column type=\u00bb1_2&#8243; _builder_version=\u00bb4.9.4&#8243; _module_preset=\u00bbdefault\u00bb][et_pb_text _builder_version=\u00bb4.9.4&#8243; _module_preset=\u00bbdefault\u00bb text_font_size=\u00bb18px\u00bb custom_margin=\u00bb-2px|||||\u00bb]<\/p>\n<p style=\"text-align: justify;\">Desde que comenc\u00e9 mi viaje hace muchos a\u00f1os, en el desarrollo personal y las distintas terapias, he experimentado muchas experiencias de resultados que me han llevado a la convicci\u00f3n que en estos tiempos la Biodescodificaci\u00f3n es la terapia que se mas se adapta al mundo que vivimos hoy en d\u00eda. Y eso lo demuestra su aplicaci\u00f3n en Europa como en varios pa\u00edses de nuestro Continente.<\/p>\n<p>Pero todo comenz\u00f3 con mi desarrollo personal, puse foco primero en m\u00ed y despu\u00e9s en los dem\u00e1s (as\u00ed funciona\u2026 dando el primer paso en uno).<\/p>\n<p>Esta\u00a0<strong>Terapia de Biodescodificaci\u00f3n<\/strong>\u00a0es del m\u00e1s alto nivel.<\/p>\n<p>Es un tratamiento colaborativo para todo tipo de personas con deseos y ganas de superar un mal que lo aqueja.<\/p>\n<p>&nbsp;<\/p>\n<p>[\/et_pb_text][\/et_pb_column][\/et_pb_row][et_pb_row _builder_version=\u00bb4.9.4&#8243; _module_preset=\u00bbdefault\u00bb][et_pb_column type=\u00bb4_4&#8243; _builder_version=\u00bb4.9.4&#8243; _module_preset=\u00bbdefault\u00bb][et_pb_text _builder_version=\u00bb4.9.4&#8243; _module_preset=\u00bbdefault\u00bb text_font_size=\u00bb18px\u00bb]<\/p>\n<p style=\"text-align: justify;\">Te cuento para que la mires con calma.<\/p>\n<p style=\"text-align: justify;\">Vamos all\u00e1:<\/p>\n<p style=\"text-align: justify;\"><strong>De terapeuta a paciente: paso a paso<\/strong><\/p>\n<p style=\"text-align: justify;\">Te acompa\u00f1ar\u00e9 en todo el proceso, sin complicaciones y sin que tengas que dedicar horas interminables. No importa si has sido tratado con otras terapias alternativas, notaras el cambio con todos los usos pr\u00e1cticos que la Biodescodificaci\u00f3n puede aportar a tu vida, en funci\u00f3n a:<\/p>\n<ul style=\"text-align: justify;\">\n<li>Entendiendo el cuerpo y la enfermedad<\/li>\n<li>El poder del inconsciente en tu d\u00eda a d\u00eda<\/li>\n<li>Origen de tus conflictos emocionales<\/li>\n<li>Tu herencia ancestral: el \u00c1rbol Geneal\u00f3gico<\/li>\n<li>Los conflictos cotidianos: dinero, pareja y hogar<\/li>\n<li>Del miedo al estr\u00e9s: evitando la somatizaci\u00f3n<\/li>\n<li>Reprogramaci\u00f3n consciente<\/li>\n<li>La influencia de tu nacimiento<\/li>\n<li>Lateralidad: tu mano dominante y el dolor<\/li>\n<li>El mensaje tras las adicciones<\/li>\n<\/ul>\n<p style=\"text-align: justify;\">Hay m\u00e1s:<\/p>\n<p style=\"text-align: justify;\"><strong>\u221a<\/strong>\u00a0<strong>Elimina las primeras creencias con peque\u00f1os ejercicios:<\/strong><\/p>\n<p style=\"text-align: justify;\"><u>Por ejemplo<\/u>. Si yo creo que la gente siempre se aprovecha\u2026 que no es leal, que no es de fiar, que es violenta, etc.., ser\u00e1 lo primero que abordaremos si lo crees conveniente.<\/p>\n<p style=\"text-align: justify;\"><strong>\u221a\u00a0Descubrir\u00e1s que se esconde detr\u00e1s de un dolor:\u00a0<\/strong>Sufrir de dolores sin explicaci\u00f3n aparente, es que hay una emoci\u00f3n oculta. Y la descubriremos.<\/p>\n<p style=\"text-align: justify;\"><strong>\u221a<\/strong>\u00a0<strong>Sanar las relaciones:<\/strong><\/p>\n<p style=\"text-align: justify;\"><u>Por ejemplo<\/u>. Si yo vivo en una relaci\u00f3n conflictiva o t\u00f3xica, probablemente estoy repitiendo de manera inconsciente lo que aprend\u00ed en mi ni\u00f1ez, (de mis padres, de mis abuelos).<\/p>\n<p style=\"text-align: justify;\"><strong>\u221a\u00a0Cada \u00f3rgano tiene asociada una emoci\u00f3n:<\/strong>\u00a0Si algo no va bien con tu cuerpo o parte de \u00e9l, hay que ver que \u00f3rgano est\u00e1 afectado y sanarlo.<\/p>\n<p style=\"text-align: justify;\"><strong>\u221a\u00a0Las alergias se pueden curar:<\/strong>\u00a0Yendo al origen para desactivarla, y aprender\u00e1s como hacerlo.<\/p>\n<p style=\"text-align: justify;\"><strong>\u221a\u00a0Reorientar un pensamiento t\u00f3xico, en bucle:<\/strong>\u00a0Salir del sufrimiento implica tambi\u00e9n cambiar el pensamiento, deshacer y crear nuevas conexiones neuronales, tenemos ejercicios espec\u00edficos para ello.<\/p>\n<p style=\"text-align: justify;\"><strong>\u221a\u00a0Si una persona no puede bajar de peso \/ o subir:<\/strong>\u00a0Aprender\u00e1s a identificar por qu\u00e9 vive esa situaci\u00f3n, ver\u00e1s que conflicto hay en su inconsciente y por qu\u00e9 se ha protegido de esa manera, para luego ayudarle paso a paso con protocolos que aprender\u00e1s aqu\u00ed.<\/p>\n<p style=\"text-align: justify;\"><strong>\u221a\u00a0Hay ejercicios pr\u00e1cticos \u201cguiados\u201d para utilizar, pero tambi\u00e9n hay teor\u00eda:<\/strong>\u00a0Saber esto es clave para profundizar en tu desarrollo interior, y te permitir\u00e1 tambi\u00e9n trabajar con otras personas para interactuar en tu entorno. Y mejorar as\u00ed tus relaciones personales.<\/p>\n<p>[\/et_pb_text][et_pb_cta title=\u00bbGARANT\u00cdA INCONDICIONAL\u00bb button_text=\u00bbClics\u00bb _builder_version=\u00bb4.9.4&#8243; _module_preset=\u00bbdefault\u00bb header_font=\u00bb|700|||||||\u00bb header_font_size=\u00bb34px\u00bb header_line_height=\u00bb1.6em\u00bb background_color=\u00bb#2CD4F2&#8243; custom_margin=\u00bb||-4px|||\u00bb custom_padding=\u00bb||8px||false|false\u00bb][\/et_pb_cta][\/et_pb_column][\/et_pb_row][et_pb_row column_structure=\u00bb1_2,1_2&#8243; _builder_version=\u00bb4.9.4&#8243; _module_preset=\u00bbdefault\u00bb][et_pb_column type=\u00bb1_2&#8243; _builder_version=\u00bb4.9.4&#8243; _module_preset=\u00bbdefault\u00bb][et_pb_text _builder_version=\u00bb4.9.4&#8243; _module_preset=\u00bbdefault\u00bb text_font_size=\u00bb18px\u00bb custom_padding=\u00bb4px|||||\u00bb]<\/p>\n<p style=\"text-align: justify;\">Estoy tan segura de todo lo que vas a recibir, que no me importa abrirte las puertas y que entres y lo veas todo y elijas si efectivamente este es tu lugar, y si por <u>alg\u00fan motivo<\/u>\u00a0decides que no, solo tendr\u00e1s que saber que siempre las puertas estar\u00e1n abiertas para atenderte como te lo mereces y \u201csin pregunta\u201d alguna, comenzaremos a trabajar juntas.<\/p>\n<p style=\"text-align: justify;\"><strong>\u00bfConoces a Tony Robbins?<\/strong>, es el coach de desarrollo personal\u00a0m\u00e1s famoso que existe, y \u00e9l dice lo siguiente:<\/p>\n<p style=\"text-align: justify;\">\u2013<em>\u00a0Mira, es muy sencillo,<\/em> <em>si quieres que la vida cambie,\u00a0<strong><u>t\u00fa tienes<\/u><\/strong>\u00a0que cambiar,<\/em><\/p>\n<p style=\"text-align: justify;\"><em>si quieres que la vida sea mejor,\u00a0<strong><u>t\u00fa tienes<\/u><\/strong>\u00a0que ser mejor.<\/em><\/p>\n<p style=\"text-align: justify;\">Es la \u00fanica forma de hacerlo.<\/p>\n<p style=\"text-align: justify;\"><strong>\u00a1Y yo creo que tiene raz\u00f3n!<br \/><\/strong>Ver de d\u00f3nde ven\u00edas, ver lo que has sufrido, y ver cambios en ti.<\/p>\n<p style=\"text-align: justify;\">Eso, eso no tiene precio\u2026 y te reitero<\/p>\n<p style=\"text-align: justify;\"><strong>PD:\u00a0<\/strong>\u00bfY si de verdad cualquier persona puede aplicar en su vida el desarrollo personal (lo ver\u00e1s dentro) y eso realmente marca la diferencia? \u00a1haz que no sean palabras al viento cu\u00e1ndo te prometes, que vas a cambiar!<\/p>\n<p style=\"text-align: justify;\">\u00bfPiensas que es mejor dejarlo pasar? \u00bfVas a dejar que los dem\u00e1s sigan observando tus dolencias o fracasos y que no avanzas, que est\u00e1s igual o peor, mientras t\u00fa esperas otra gran oportunidad?<\/p>\n<p>[\/et_pb_text][\/et_pb_column][et_pb_column type=\u00bb1_2&#8243; _builder_version=\u00bb4.9.4&#8243; _module_preset=\u00bbdefault\u00bb][et_pb_image src=\u00bbhttps:\/\/cilecuba.com\/wp-content\/uploads\/2025\/06\/444.jpg\u00bb title_text=\u00bb444&#8243; _builder_version=\u00bb4.9.4&#8243; _module_preset=\u00bbdefault\u00bb custom_padding=\u00bb106px|||||\u00bb][\/et_pb_image][\/et_pb_column][\/et_pb_row][et_pb_row _builder_version=\u00bb4.9.4&#8243; _module_preset=\u00bbdefault\u00bb custom_padding=\u00bb0px|||||\u00bb][et_pb_column type=\u00bb4_4&#8243; _builder_version=\u00bb4.9.4&#8243; _module_preset=\u00bbdefault\u00bb][et_pb_text _builder_version=\u00bb4.9.4&#8243; _module_preset=\u00bbdefault\u00bb text_font_size=\u00bb18px\u00bb custom_margin=\u00bb-5px|||||\u00bb]<\/p>\n<p style=\"text-align: justify;\">Aqu\u00ed tienes TODO lo que necesitas para empezar a transformar tu vida, tus creencias, y generar mayor bienestar, te dediques a lo que te dediques. Todo lo que hacer, todo lo que no hacer, todo tipo de ideas, todo tipo de enfoques.<\/p>\n<p style=\"text-align: justify;\">En definitiva, \u00bfy si saber hacer (Bien) el trabajo interior, cambia tu vida?<\/p>\n<p style=\"text-align: justify;\">Pues s\u00ed, tus d\u00edas ser\u00e1n muy diferentes<\/p>\n<p style=\"text-align: justify;\">Que tengas un gran d\u00eda,<\/p>\n<p>[\/et_pb_text][\/et_pb_column][\/et_pb_row][\/et_pb_section][et_pb_section fb_built=\u00bb1&#8243; _builder_version=\u00bb4.9.4&#8243; _module_preset=\u00bbdefault\u00bb background_color=\u00bbRGBA(0,0,0,0)\u00bb custom_padding=\u00bb0px|||||\u00bb][et_pb_row column_structure=\u00bb1_2,1_2&#8243; _builder_version=\u00bb4.9.4&#8243; _module_preset=\u00bbdefault\u00bb][et_pb_column type=\u00bb1_2&#8243; _builder_version=\u00bb4.9.4&#8243; _module_preset=\u00bbdefault\u00bb][et_pb_image src=\u00bbhttps:\/\/cilecuba.com\/wp-content\/uploads\/2025\/06\/55555.jpg\u00bb _builder_version=\u00bb4.9.4&#8243; _module_preset=\u00bbdefault\u00bb][\/et_pb_image][\/et_pb_column][et_pb_column type=\u00bb1_2&#8243; _builder_version=\u00bb4.9.4&#8243; _module_preset=\u00bbdefault\u00bb][et_pb_cta button_text=\u00bbClics\u00bb _builder_version=\u00bb4.9.4&#8243; _module_preset=\u00bbdefault\u00bb body_font_size=\u00bb38px\u00bb custom_margin=\u00bb70px|||||\u00bb custom_padding=\u00bb43px|||||\u00bb]<\/p>\n<p>Lic. Irina N\u00fa\u00f1ez Ru\u00edz,<\/p>\n<p>tu amiga Terapeuta<\/p>\n<p>[\/et_pb_cta][et_pb_text _builder_version=\u00bb4.9.4&#8243; _module_preset=\u00bbdefault\u00bb text_font_size=\u00bb18px\u00bb]<\/p>\n<p style=\"text-align: center;\"><strong>Cualquier consulta en cuanto a acudir a mis servicos, puedes hacerla aqu\u00ed en este bot\u00f3n:<\/strong><\/p>\n<p>[\/et_pb_text][et_pb_button button_url=\u00bb@ET-DC@eyJkeW5hbWljIjp0cnVlLCJjb250ZW50IjoicG9zdF9saW5rX3VybF9wYWdlIiwic2V0dGluZ3MiOnsicG9zdF9pZCI6IjI0MDk0OCJ9fQ==@\u00bb button_text=\u00bbBAUL DE DUDAS\u00bb button_alignment=\u00bbcenter\u00bb _builder_version=\u00bb4.9.4&#8243; _dynamic_attributes=\u00bbbutton_url\u00bb _module_preset=\u00bbdefault\u00bb custom_button=\u00bbon\u00bb button_text_size=\u00bb29px\u00bb button_text_color=\u00bb#FFFFFF\u00bb button_bg_color=\u00bb#E02B20&#8243; button_border_color=\u00bbRGBA(0,0,0,0)\u00bb hover_enabled=\u00bb0&#8243; sticky_enabled=\u00bb0&#8243;][\/et_pb_button][\/et_pb_column][\/et_pb_row][\/et_pb_section][et_pb_section fb_built=\u00bb1&#8243; fullwidth=\u00bbon\u00bb _builder_version=\u00bb4.9.4&#8243; _module_preset=\u00bbdefault\u00bb][et_pb_fullwidth_header title=\u00bbMi servicio terap\u00e9utico es un canal de transformaci\u00f3n emocional\u00bb _builder_version=\u00bb4.9.4&#8243; _module_preset=\u00bbdefault\u00bb title_font=\u00bb|700|||||||\u00bb title_text_align=\u00bbcenter\u00bb title_font_size=\u00bb40px\u00bb background_color=\u00bb#E02B20&#8243; custom_margin=\u00bb||||false|false\u00bb][\/et_pb_fullwidth_header][\/et_pb_section]<\/p>\n","protected":false},"excerpt":{"rendered":"<p>[et_pb_section fb_built=\u00bb1&#8243; fullwidth=\u00bbon\u00bb _builder_version=\u00bb4.9.4&#8243; _module_preset=\u00bbdefault\u00bb][et_pb_fullwidth_image src=\u00bbhttps:\/\/cilecuba.com\/wp-content\/uploads\/2025\/06\/bioneuro3.jpg\u00bb title_text=\u00bbbioneuro3&#8243; _builder_version=\u00bb4.9.4&#8243; _module_preset=\u00bbdefault\u00bb custom_margin=\u00bb152px||||false|false\u00bb][\/et_pb_fullwidth_image][\/et_pb_section][et_pb_section fb_built=\u00bb1&#8243; _builder_version=\u00bb4.9.4&#8243; _module_preset=\u00bbdefault\u00bb background_color=\u00bbRGBA(0,0,0,0)\u00bb custom_margin=\u00bb3px||||false|false\u00bb custom_padding=\u00bb||0px||false|false\u00bb][et_pb_row column_structure=\u00bb1_2,1_2&#8243; _builder_version=\u00bb4.9.4&#8243; _module_preset=\u00bbdefault\u00bb custom_margin=\u00bb-33px|auto||auto||\u00bb custom_padding=\u00bb||0px|||\u00bb][et_pb_column type=\u00bb1_2&#8243; _builder_version=\u00bb4.9.4&#8243; _module_preset=\u00bbdefault\u00bb][et_pb_image src=\u00bbhttps:\/\/cilecuba.com\/wp-content\/uploads\/2025\/06\/ddd2.jpg\u00bb title_text=\u00bbddd2&#8243; _builder_version=\u00bb4.9.4&#8243; _module_preset=\u00bbdefault\u00bb custom_margin=\u00bb-2px|||||\u00bb][\/et_pb_image][\/et_pb_column][et_pb_column type=\u00bb1_2&#8243; _builder_version=\u00bb4.9.4&#8243; _module_preset=\u00bbdefault\u00bb][et_pb_text _builder_version=\u00bb4.9.4&#8243; _module_preset=\u00bbdefault\u00bb text_font_size=\u00bb46px\u00bb] Tu Transformaci\u00f3n \u00a1Ahora! [\/et_pb_text][et_pb_text _builder_version=\u00bb4.9.4&#8243; _module_preset=\u00bbdefault\u00bb text_font_size=\u00bb46px\u00bb custom_margin=\u00bb51px|||||\u00bb] Con la [\/et_pb_text][et_pb_text _builder_version=\u00bb4.9.4&#8243; _module_preset=\u00bbdefault\u00bb text_font_size=\u00bb46px\u00bb custom_margin=\u00bb51px|||||\u00bb] Biodescodificaci\u00f3n [\/et_pb_text][\/et_pb_column][\/et_pb_row][et_pb_row column_structure=\u00bb1_2,1_2&#8243; _builder_version=\u00bb4.9.4&#8243; _module_preset=\u00bbdefault\u00bb [&hellip;]<\/p>\n","protected":false},"author":1,"featured_media":0,"parent":0,"menu_order":0,"comment_status":"closed","ping_status":"closed","template":"","meta":{"_et_pb_use_builder":"on","_et_pb_old_content":"","_et_gb_content_width":"","_joinchat":[],"footnotes":""},"class_list":["post-240995","page","type-page","status-publish","hentry"],"_links":{"self":[{"href":"https:\/\/cilecuba.com\/index.php\/wp-json\/wp\/v2\/pages\/240995","targetHints":{"allow":["GET"]}}],"collection":[{"href":"https:\/\/cilecuba.com\/index.php\/wp-json\/wp\/v2\/pages"}],"about":[{"href":"https:\/\/cilecuba.com\/index.php\/wp-json\/wp\/v2\/types\/page"}],"author":[{"embeddable":true,"href":"https:\/\/cilecuba.com\/index.php\/wp-json\/wp\/v2\/users\/1"}],"replies":[{"embeddable":true,"href":"https:\/\/cilecuba.com\/index.php\/wp-json\/wp\/v2\/comments?post=240995"}],"version-history":[{"count":14,"href":"https:\/\/cilecuba.com\/index.php\/wp-json\/wp\/v2\/pages\/240995\/revisions"}],"predecessor-version":[{"id":241320,"href":"https:\/\/cilecuba.com\/index.php\/wp-json\/wp\/v2\/pages\/240995\/revisions\/241320"}],"wp:attachment":[{"href":"https:\/\/cilecuba.com\/index.php\/wp-json\/wp\/v2\/media?parent=240995"}],"curies":[{"name":"wp","href":"https:\/\/api.w.org\/{rel}","templated":true}]}}