{"id":240962,"date":"2025-06-07T05:02:23","date_gmt":"2025-06-07T03:02:23","guid":{"rendered":"https:\/\/cilecuba.com\/?page_id=240962"},"modified":"2025-07-29T06:52:12","modified_gmt":"2025-07-29T04:52:12","slug":"cile-cuba","status":"publish","type":"page","link":"https:\/\/cilecuba.com\/index.php\/cile-cuba\/","title":{"rendered":"Cile Cuba"},"content":{"rendered":"<p>[et_pb_section fb_built=\u00bb1&#8243; fullwidth=\u00bbon\u00bb _builder_version=\u00bb4.9.4&#8243; _module_preset=\u00bbdefault\u00bb hover_enabled=\u00bb0&#8243; sticky_enabled=\u00bb0&#8243;][et_pb_fullwidth_image src=\u00bbhttps:\/\/cilecuba.com\/wp-content\/uploads\/2025\/06\/cile111.jpg\u00bb title_text=\u00bbconocenos1&#8243; _builder_version=\u00bb4.9.4&#8243; _module_preset=\u00bbdefault\u00bb custom_margin=\u00bb-1px||||false|false\u00bb][\/et_pb_fullwidth_image][\/et_pb_section][et_pb_section fb_built=\u00bb1&#8243; _builder_version=\u00bb4.9.4&#8243; _module_preset=\u00bbdefault\u00bb background_color=\u00bbRGBA(0,0,0,0)\u00bb custom_padding=\u00bb0px||0px|||\u00bb][et_pb_row _builder_version=\u00bb4.9.4&#8243; _module_preset=\u00bbdefault\u00bb background_color=\u00bbRGBA(0,0,0,0)\u00bb][et_pb_column type=\u00bb4_4&#8243; _builder_version=\u00bb4.9.4&#8243; _module_preset=\u00bbdefault\u00bb][dnxte_text_divider dnxt_divider_text=\u00bbCILE CUBA\u00bb heading_tag=\u00bbh1&#8243; _builder_version=\u00bb4.9.4&#8243; _module_preset=\u00bbdefault\u00bb dnxt_divider_fonts_font=\u00bbMontserrat|700|||||||\u00bb dnxt_divider_fonts_text_color=\u00bb#474747&#8243; dnxt_divider_fonts_font_size=\u00bb40px\u00bb background_color=\u00bbRGBA(0,0,0,0)\u00bb hover_enabled=\u00bb0&#8243; dnxt_divider_fonts_text_shadow_style=\u00bbpreset1&#8243; dnxt_divider_fonts_font_size_last_edited=\u00bbon|desktop\u00bb dnxt_divider_fonts_font_size_phone=\u00bb28px\u00bb sticky_enabled=\u00bb0&#8243;][\/dnxte_text_divider][\/et_pb_column][\/et_pb_row][\/et_pb_section][et_pb_section fb_built=\u00bb1&#8243; _builder_version=\u00bb4.9.4&#8243; _module_preset=\u00bbdefault\u00bb background_color=\u00bbRGBA(0,0,0,0)\u00bb custom_margin=\u00bb-1px||||false|false\u00bb custom_padding=\u00bb9px||||false|false\u00bb][et_pb_row column_structure=\u00bb1_2,1_2&#8243; _builder_version=\u00bb4.9.4&#8243; _module_preset=\u00bbdefault\u00bb custom_margin=\u00bb-33px|auto||auto||\u00bb][et_pb_column type=\u00bb1_2&#8243; _builder_version=\u00bb4.9.4&#8243; _module_preset=\u00bbdefault\u00bb][et_pb_text _builder_version=\u00bb4.9.4&#8243; _module_preset=\u00bbdefault\u00bb]<\/p>\n<p style=\"text-align: justify;\">El Centro de investigaci\u00f3n para la liberaci\u00f3n emocional\u00a0<strong>CILE CUBA<\/strong>\u00a0tiene por finalidad el cuidar de tu salud emocional a trav\u00e9s del an\u00e1lisis y tratamientos Terap\u00e9uticos que te conduzcan a un proceso de comprensi\u00f3n profunda de los conflictos emocionales y las situaciones de estr\u00e9s que experimenta una persona.<\/p>\n<p style=\"text-align: justify;\">\u00abLa gente no es consciente de que lo que le ocurre en su vida, piensa que son hechos casuales, que tiene mala suerte o un mal karma, y no es as\u00ed. Cuando uno es capaz de identificar determinadas conductas o emociones ocultas detr\u00e1s de un s\u00edntoma o enfermedad, esta situaci\u00f3n se puede modificar. <strong><em>Cuando liberas tu rabia y tu ira, el cuerpo se sana, y los tratamientos funcionan<\/em><\/strong>\u00bb<\/p>\n<p>[\/et_pb_text][\/et_pb_column][et_pb_column type=\u00bb1_2&#8243; _builder_version=\u00bb4.9.4&#8243; _module_preset=\u00bbdefault\u00bb][et_pb_image src=\u00bbhttps:\/\/cilecuba.com\/wp-content\/uploads\/2025\/05\/mujer.jpg\u00bb title_text=\u00bbmujer\u00bb _builder_version=\u00bb4.9.4&#8243; _module_preset=\u00bbdefault\u00bb][\/et_pb_image][\/et_pb_column][\/et_pb_row][et_pb_row column_structure=\u00bb1_2,1_2&#8243; _builder_version=\u00bb4.9.4&#8243; _module_preset=\u00bbdefault\u00bb][et_pb_column type=\u00bb1_2&#8243; _builder_version=\u00bb4.9.4&#8243; _module_preset=\u00bbdefault\u00bb][et_pb_image src=\u00bbhttps:\/\/cilecuba.com\/wp-content\/uploads\/2025\/06\/hipnosis.jpg\u00bb title_text=\u00bbhipnosis\u00bb _builder_version=\u00bb4.9.4&#8243; _module_preset=\u00bbdefault\u00bb custom_margin=\u00bb-56px|||||\u00bb][\/et_pb_image][\/et_pb_column][et_pb_column type=\u00bb1_2&#8243; _builder_version=\u00bb4.9.4&#8243; _module_preset=\u00bbdefault\u00bb][et_pb_text _builder_version=\u00bb4.9.4&#8243; _module_preset=\u00bbdefault\u00bb text_font_size=\u00bb17px\u00bb]<\/p>\n<p style=\"text-align: justify;\">En<strong>\u00a0CILE CUBA\u00a0<\/strong>para conocer qu\u00e9 tipo de conflicto tiene un paciente, aplicamos la terapia de la\u00a0<strong>Biodescodificaci\u00f3n<\/strong>\u00a0la cual se basa primero en la biolog\u00eda y el diagn\u00f3stico m\u00e9dico si fuera necesario; y luego instrumenta algunas t\u00e9cnicas como la programaci\u00f3n neuroling\u00fc\u00edstica, la hipnosis Ericksoniana, la lectura emocional del s\u00edntoma, y as\u00ed poder lograr la liberaci\u00f3n emocional.<\/p>\n<p style=\"text-align: justify;\">A trav\u00e9s de este m\u00e9todo, se busca identificar el posible origen inconsciente de estos desaf\u00edos, que a menudo se relacionan con experiencias pasadas, creencias limitantes o patrones heredados del sistema familiar.<\/p>\n<p>[\/et_pb_text][\/et_pb_column][\/et_pb_row][et_pb_row column_structure=\u00bb1_2,1_2&#8243; _builder_version=\u00bb4.9.4&#8243; _module_preset=\u00bbdefault\u00bb custom_padding=\u00bb7px|||||\u00bb][et_pb_column type=\u00bb1_2&#8243; _builder_version=\u00bb4.9.4&#8243; _module_preset=\u00bbdefault\u00bb][et_pb_text _builder_version=\u00bb4.9.4&#8243; _module_preset=\u00bbdefault\u00bb text_font_size=\u00bb17px\u00bb custom_margin=\u00bb||-10px|||\u00bb custom_padding=\u00bb29px|||||\u00bb hover_enabled=\u00bb0&#8243; sticky_enabled=\u00bb0&#8243;]<\/p>\n<p style=\"text-align: justify;\"><strong>Los pacientes reflexionan diciendo:<\/strong><\/p>\n<ul style=\"text-align: justify;\">\n<li>\u201cMi cuerpo es ese escenario donde mis emociones no expresadas, no sanadas, se manifiestan como enfermedades.<\/li>\n<li>En mi realidad -mis logros y mis fracasos- est\u00e1 impreso mi \u00e1rbol geneal\u00f3gico.<\/li>\n<li>Mis padres, mis ancestros, viven en m\u00ed y condicionan mi existencia\u201d.<\/li>\n<\/ul>\n<p style=\"text-align: justify;\"><strong>Concluyen las terapias se\u00f1alando:<\/strong><\/p>\n<p style=\"text-align: justify;\">\u201dMiremos nuestra vida con una herramienta terap\u00e9utica que permita descifrar estos c\u00f3digos biol\u00f3gicos y transgeneracionales que devuelva el poder para ser protagonistas de nuestra propia existencia.\u201d<\/p>\n<p style=\"text-align: justify;\">En esencia, CILE CUBA busca que la persona se convierta en protagonista de su propio proceso de sanaci\u00f3n y desarrollo, al comprender la informaci\u00f3n que subyace a sus conflictos y al adquirir nuevas herramientas para vivir una vida m\u00e1s plena y consciente.<\/p>\n<p>[\/et_pb_text][\/et_pb_column][et_pb_column type=\u00bb1_2&#8243; _builder_version=\u00bb4.9.4&#8243; _module_preset=\u00bbdefault\u00bb][et_pb_image src=\u00bbhttps:\/\/cilecuba.com\/wp-content\/uploads\/2025\/06\/arbol.jpg\u00bb title_text=\u00bbCENESEX\u00bb _builder_version=\u00bb4.9.4&#8243; _module_preset=\u00bbdefault\u00bb custom_margin=\u00bb-2px|||||\u00bb custom_padding=\u00bb1px|||||\u00bb][\/et_pb_image][\/et_pb_column][\/et_pb_row][\/et_pb_section][et_pb_section fb_built=\u00bb1&#8243; fullwidth=\u00bbon\u00bb _builder_version=\u00bb4.9.4&#8243; _module_preset=\u00bbdefault\u00bb][et_pb_fullwidth_header title=\u00bbMi servicio terap\u00e9utico es un canal de transformaci\u00f3n emocional\u00bb _builder_version=\u00bb4.9.4&#8243; _module_preset=\u00bbdefault\u00bb title_font=\u00bb|700|||||||\u00bb title_text_align=\u00bbcenter\u00bb title_font_size=\u00bb40px\u00bb background_color=\u00bb#E02B20&#8243; custom_margin=\u00bb||||false|false\u00bb][\/et_pb_fullwidth_header][\/et_pb_section]<\/p>\n","protected":false},"excerpt":{"rendered":"<p>[et_pb_section fb_built=\u00bb1&#8243; fullwidth=\u00bbon\u00bb _builder_version=\u00bb4.9.4&#8243; _module_preset=\u00bbdefault\u00bb hover_enabled=\u00bb0&#8243; sticky_enabled=\u00bb0&#8243;][et_pb_fullwidth_image src=\u00bbhttps:\/\/cilecuba.com\/wp-content\/uploads\/2025\/06\/cile111.jpg\u00bb title_text=\u00bbconocenos1&#8243; _builder_version=\u00bb4.9.4&#8243; _module_preset=\u00bbdefault\u00bb custom_margin=\u00bb-1px||||false|false\u00bb][\/et_pb_fullwidth_image][\/et_pb_section][et_pb_section fb_built=\u00bb1&#8243; _builder_version=\u00bb4.9.4&#8243; _module_preset=\u00bbdefault\u00bb background_color=\u00bbRGBA(0,0,0,0)\u00bb custom_padding=\u00bb0px||0px|||\u00bb][et_pb_row _builder_version=\u00bb4.9.4&#8243; _module_preset=\u00bbdefault\u00bb background_color=\u00bbRGBA(0,0,0,0)\u00bb][et_pb_column type=\u00bb4_4&#8243; _builder_version=\u00bb4.9.4&#8243; _module_preset=\u00bbdefault\u00bb][dnxte_text_divider dnxt_divider_text=\u00bbCILE CUBA\u00bb heading_tag=\u00bbh1&#8243; _builder_version=\u00bb4.9.4&#8243; _module_preset=\u00bbdefault\u00bb dnxt_divider_fonts_font=\u00bbMontserrat|700|||||||\u00bb dnxt_divider_fonts_text_color=\u00bb#474747&#8243; dnxt_divider_fonts_font_size=\u00bb40px\u00bb background_color=\u00bbRGBA(0,0,0,0)\u00bb hover_enabled=\u00bb0&#8243; dnxt_divider_fonts_text_shadow_style=\u00bbpreset1&#8243; dnxt_divider_fonts_font_size_last_edited=\u00bbon|desktop\u00bb dnxt_divider_fonts_font_size_phone=\u00bb28px\u00bb sticky_enabled=\u00bb0&#8243;][\/dnxte_text_divider][\/et_pb_column][\/et_pb_row][\/et_pb_section][et_pb_section fb_built=\u00bb1&#8243; _builder_version=\u00bb4.9.4&#8243; _module_preset=\u00bbdefault\u00bb background_color=\u00bbRGBA(0,0,0,0)\u00bb custom_margin=\u00bb-1px||||false|false\u00bb custom_padding=\u00bb9px||||false|false\u00bb][et_pb_row column_structure=\u00bb1_2,1_2&#8243; _builder_version=\u00bb4.9.4&#8243; _module_preset=\u00bbdefault\u00bb custom_margin=\u00bb-33px|auto||auto||\u00bb][et_pb_column type=\u00bb1_2&#8243; _builder_version=\u00bb4.9.4&#8243; _module_preset=\u00bbdefault\u00bb][et_pb_text _builder_version=\u00bb4.9.4&#8243; _module_preset=\u00bbdefault\u00bb] El Centro de [&hellip;]<\/p>\n","protected":false},"author":1,"featured_media":0,"parent":0,"menu_order":0,"comment_status":"closed","ping_status":"closed","template":"","meta":{"_et_pb_use_builder":"on","_et_pb_old_content":"","_et_gb_content_width":"","_joinchat":[],"footnotes":""},"class_list":["post-240962","page","type-page","status-publish","hentry"],"_links":{"self":[{"href":"https:\/\/cilecuba.com\/index.php\/wp-json\/wp\/v2\/pages\/240962","targetHints":{"allow":["GET"]}}],"collection":[{"href":"https:\/\/cilecuba.com\/index.php\/wp-json\/wp\/v2\/pages"}],"about":[{"href":"https:\/\/cilecuba.com\/index.php\/wp-json\/wp\/v2\/types\/page"}],"author":[{"embeddable":true,"href":"https:\/\/cilecuba.com\/index.php\/wp-json\/wp\/v2\/users\/1"}],"replies":[{"embeddable":true,"href":"https:\/\/cilecuba.com\/index.php\/wp-json\/wp\/v2\/comments?post=240962"}],"version-history":[{"count":12,"href":"https:\/\/cilecuba.com\/index.php\/wp-json\/wp\/v2\/pages\/240962\/revisions"}],"predecessor-version":[{"id":241375,"href":"https:\/\/cilecuba.com\/index.php\/wp-json\/wp\/v2\/pages\/240962\/revisions\/241375"}],"wp:attachment":[{"href":"https:\/\/cilecuba.com\/index.php\/wp-json\/wp\/v2\/media?parent=240962"}],"curies":[{"name":"wp","href":"https:\/\/api.w.org\/{rel}","templated":true}]}}