{"id":240948,"date":"2025-05-06T21:00:27","date_gmt":"2025-05-06T19:00:27","guid":{"rendered":"https:\/\/cilecuba.com\/?page_id=240948"},"modified":"2025-07-29T06:56:23","modified_gmt":"2025-07-29T04:56:23","slug":"cuando","status":"publish","type":"page","link":"https:\/\/cilecuba.com\/index.php\/cuando\/","title":{"rendered":"Cuando acudir a un psicologo"},"content":{"rendered":"<p>[et_pb_section fb_built=\u00bb1&#8243; fullwidth=\u00bbon\u00bb _builder_version=\u00bb4.9.4&#8243; _module_preset=\u00bbdefault\u00bb hover_enabled=\u00bb0&#8243; custom_margin_last_edited=\u00bbon|phone\u00bb sticky_enabled=\u00bb0&#8243; custom_margin=\u00bb-155px||||false|false\u00bb][et_pb_fullwidth_image src=\u00bbhttps:\/\/cilecuba.com\/wp-content\/uploads\/2025\/06\/encasa.jpg\u00bb title_text=\u00bbbioneuro1&#8243; _builder_version=\u00bb4.9.4&#8243; _module_preset=\u00bbdefault\u00bb custom_margin=\u00bb152px||||false|false\u00bb][\/et_pb_fullwidth_image][\/et_pb_section][et_pb_section fb_built=\u00bb1&#8243; _builder_version=\u00bb4.9.4&#8243; _module_preset=\u00bbdefault\u00bb background_color=\u00bbRGBA(0,0,0,0)\u00bb custom_margin=\u00bb3px||||false|false\u00bb custom_padding=\u00bb22px||0px||false|false\u00bb][et_pb_row _builder_version=\u00bb4.9.4&#8243; _module_preset=\u00bbdefault\u00bb custom_padding=\u00bb3px|||||\u00bb][et_pb_column type=\u00bb4_4&#8243; _builder_version=\u00bb4.9.4&#8243; _module_preset=\u00bbdefault\u00bb][dnxte_text_divider dnxt_divider_text=\u00bbCuando acudir a un psic\u00f3logo terapeuta\u00bb heading_tag=\u00bbh1&#8243; _builder_version=\u00bb4.9.4&#8243; _module_preset=\u00bbdefault\u00bb dnxt_divider_fonts_font=\u00bbMontserrat|700|||||||\u00bb dnxt_divider_fonts_text_color=\u00bb#474747&#8243; dnxt_divider_fonts_font_size=\u00bb40px\u00bb background_color=\u00bbRGBA(0,0,0,0)\u00bb custom_margin=\u00bb22px||33px|||\u00bb custom_padding=\u00bb9px||0px|||\u00bb hover_enabled=\u00bb0&#8243; dnxt_divider_fonts_text_shadow_style=\u00bbpreset1&#8243; dnxt_divider_fonts_font_size_last_edited=\u00bbon|desktop\u00bb sticky_enabled=\u00bb0&#8243; dnxt_divider_fonts_font_size_phone=\u00bb23px\u00bb][\/dnxte_text_divider][et_pb_text _builder_version=\u00bb4.9.4&#8243; _module_preset=\u00bbdefault\u00bb custom_margin=\u00bb-26px|||||\u00bb]<\/p>\n<p>Acudir a un psic\u00f3logo puede ser beneficioso en diversas situaciones, no solo cuando se experimentan problemas graves. Aqu\u00ed hay algunas se\u00f1ales que indican que podr\u00eda ser \u00fatil buscar ayuda profesional:<\/p>\n<p style=\"text-align: justify;\">[\/et_pb_text][\/et_pb_column][\/et_pb_row][et_pb_row column_structure=\u00bb1_2,1_2&#8243; _builder_version=\u00bb4.9.4&#8243; _module_preset=\u00bbdefault\u00bb custom_margin=\u00bb-33px|auto||auto||\u00bb custom_padding=\u00bb||1px|||\u00bb][et_pb_column type=\u00bb1_2&#8243; _builder_version=\u00bb4.9.4&#8243; _module_preset=\u00bbdefault\u00bb][et_pb_text _builder_version=\u00bb4.9.4&#8243; _module_preset=\u00bbdefault\u00bb custom_margin=\u00bb19px|||||\u00bb]<\/p>\n<h4><strong>Malestar emocional persistente:<\/strong><\/h4>\n<p><strong><\/strong><\/p>\n<p><strong><\/strong><\/p>\n<ul>\n<li><strong>Tristeza o desesperanza<\/strong>: Sentimientos prolongados de tristeza, falta de motivaci\u00f3n o p\u00e9rdida de inter\u00e9s en actividades que antes disfrutabas.<\/li>\n<li><strong>Ansiedad o estr\u00e9s abrumador<\/strong>: Preocupaci\u00f3n excesiva, ataques de p\u00e1nico, dificultad para relajarse o sensaci\u00f3n constante de nerviosismo.<\/li>\n<li><strong>Cambios de humor dr\u00e1sticos<\/strong>: Oscilaciones emocionales intensas y repentinas.<\/li>\n<li><strong>Irritabilidad o ira:<\/strong> Sentimientos frecuentes de frustraci\u00f3n, enojo o irritabilidad.<\/li>\n<\/ul>\n<p>[\/et_pb_text][\/et_pb_column][et_pb_column type=\u00bb1_2&#8243; _builder_version=\u00bb4.9.4&#8243; _module_preset=\u00bbdefault\u00bb][et_pb_image src=\u00bbhttps:\/\/cilecuba.com\/wp-content\/uploads\/2025\/06\/istock-958082360-scaled.jpeg\u00bb title_text=\u00bbistock-958082360&#8243; _builder_version=\u00bb4.9.4&#8243; _module_preset=\u00bbdefault\u00bb][\/et_pb_image][\/et_pb_column][\/et_pb_row][et_pb_row column_structure=\u00bb1_2,1_2&#8243; _builder_version=\u00bb4.9.4&#8243; _module_preset=\u00bbdefault\u00bb custom_margin=\u00bb|auto|-5px|auto|false|false\u00bb custom_padding=\u00bb0px||||false|false\u00bb][et_pb_column type=\u00bb1_2&#8243; _builder_version=\u00bb4.9.4&#8243; _module_preset=\u00bbdefault\u00bb][et_pb_image src=\u00bbhttps:\/\/cilecuba.com\/wp-content\/uploads\/2025\/06\/irina212.jpg\u00bb title_text=\u00bbirina212&#8243; align=\u00bbcenter\u00bb _builder_version=\u00bb4.9.4&#8243; _module_preset=\u00bbdefault\u00bb custom_margin=\u00bb13px|||||\u00bb custom_padding=\u00bb1px|||||\u00bb][\/et_pb_image][\/et_pb_column][et_pb_column type=\u00bb1_2&#8243; _builder_version=\u00bb4.9.4&#8243; _module_preset=\u00bbdefault\u00bb][et_pb_text _builder_version=\u00bb4.9.4&#8243; _module_preset=\u00bbdefault\u00bb custom_margin=\u00bb86px|||||\u00bb]<\/p>\n<h5><strong>Dificultades en las relaciones:<\/strong><\/h5>\n<ul>\n<li><strong>Problemas de pareja:<\/strong> Conflictos constantes, falta de comunicaci\u00f3n o dificultades para mantener relaciones saludables.<\/li>\n<li><strong>Problemas familiares:<\/strong> Tensiones, conflictos o dificultades para establecer l\u00edmites saludables.<\/li>\n<li><strong>Dificultades sociales:<\/strong> Aislamiento, timidez extrema o problemas para relacionarse con los dem\u00e1s.<\/li>\n<\/ul>\n<p>[\/et_pb_text][\/et_pb_column][\/et_pb_row][et_pb_row column_structure=\u00bb1_2,1_2&#8243; _builder_version=\u00bb4.9.4&#8243; _module_preset=\u00bbdefault\u00bb custom_padding=\u00bb0px||19px|||\u00bb][et_pb_column type=\u00bb1_2&#8243; _builder_version=\u00bb4.9.4&#8243; _module_preset=\u00bbdefault\u00bb][et_pb_text _builder_version=\u00bb4.9.4&#8243; _module_preset=\u00bbdefault\u00bb custom_margin=\u00bb5px|||||\u00bb custom_padding=\u00bb32px|||||\u00bb]<\/p>\n<h5><strong>Cambios en el comportamiento:<\/strong><\/h5>\n<p><strong><\/strong><\/p>\n<ul>\n<li><strong>Problemas de sue\u00f1o<\/strong>: Insomnio, pesadillas recurrentes o cambios en los patrones de sue\u00f1o.<\/li>\n<li><strong>Cambios en el apetito<\/strong>: P\u00e9rdida o aumento significativo de peso sin raz\u00f3n aparente.<\/li>\n<li><strong>Aislamiento social<\/strong>: Retirarse de actividades sociales y evitar el contacto con amigos y familiares.<\/li>\n<li><strong>Dificultad para concentrarse<\/strong>: Problemas para concentrarse, tomar decisiones o recordar cosas.<\/li>\n<li><strong>Abuso de sustancias<\/strong>: Uso excesivo de alcohol, drogas u otras sustancias para afrontar problemas.<\/li>\n<\/ul>\n<p>[\/et_pb_text][\/et_pb_column][et_pb_column type=\u00bb1_2&#8243; _builder_version=\u00bb4.9.4&#8243; _module_preset=\u00bbdefault\u00bb][et_pb_image src=\u00bbhttps:\/\/cilecuba.com\/wp-content\/uploads\/2025\/06\/2c1b4874-3e90-4049-a230-cb34e1912fe9.jpg\u00bb title_text=\u00bb2c1b4874-3e90-4049-a230-cb34e1912fe9&#8243; align=\u00bbcenter\u00bb _builder_version=\u00bb4.9.4&#8243; _module_preset=\u00bbdefault\u00bb custom_margin=\u00bb32px|||||\u00bb custom_padding=\u00bb0px|||||\u00bb][\/et_pb_image][\/et_pb_column][\/et_pb_row][et_pb_row column_structure=\u00bb1_2,1_2&#8243; _builder_version=\u00bb4.9.4&#8243; _module_preset=\u00bbdefault\u00bb custom_margin=\u00bb|auto|-5px|auto|false|false\u00bb custom_padding=\u00bb0px||||false|false\u00bb][et_pb_column type=\u00bb1_2&#8243; _builder_version=\u00bb4.9.4&#8243; _module_preset=\u00bbdefault\u00bb][et_pb_image src=\u00bbhttps:\/\/cilecuba.com\/wp-content\/uploads\/2025\/06\/Imagen9.png\u00bb title_text=\u00bbImagen9&#8243; align=\u00bbcenter\u00bb _builder_version=\u00bb4.9.4&#8243; _module_preset=\u00bbdefault\u00bb custom_margin=\u00bb13px|||||\u00bb custom_padding=\u00bb1px|||||\u00bb][\/et_pb_image][\/et_pb_column][et_pb_column type=\u00bb1_2&#8243; _builder_version=\u00bb4.9.4&#8243; _module_preset=\u00bbdefault\u00bb][et_pb_text _builder_version=\u00bb4.9.4&#8243; _module_preset=\u00bbdefault\u00bb custom_margin=\u00bb86px|||||\u00bb]<\/p>\n<h5><strong>Experiencias traum\u00e1ticas: \u00a0<\/strong><\/h5>\n<ul>\n<li style=\"text-align: justify;\"><strong>Eventos traum\u00e1ticos recientes o pasados:<\/strong> Haber presenciado o experimentado situaciones que generan un gran impacto emocional, como accidentes, violencia, abuso o la p\u00e9rdida de un ser querido.<\/li>\n<li style=\"text-align: justify;\"><strong>S\u00edntomas de estr\u00e9s postraum\u00e1tico:<\/strong> Recuerdos intrusivos, pesadillas, ansiedad o dificultad para controlar las emociones despu\u00e9s de un evento traum\u00e1tico.<\/li>\n<\/ul>\n<p>[\/et_pb_text][\/et_pb_column][\/et_pb_row][et_pb_row column_structure=\u00bb1_2,1_2&#8243; _builder_version=\u00bb4.9.4&#8243; _module_preset=\u00bbdefault\u00bb custom_padding=\u00bb0px||19px|||\u00bb][et_pb_column type=\u00bb1_2&#8243; _builder_version=\u00bb4.9.4&#8243; _module_preset=\u00bbdefault\u00bb][et_pb_text _builder_version=\u00bb4.9.4&#8243; _module_preset=\u00bbdefault\u00bb custom_margin=\u00bb5px|||||\u00bb custom_padding=\u00bb32px|||||\u00bb]<\/p>\n<h5><strong>Problemas de rendimiento:<\/strong><\/h5>\n<p><strong><\/strong><\/p>\n<p><strong><\/strong><\/p>\n<ul>\n<li><strong>Dificultades en el trabajo o la escuela<\/strong>: Bajo rendimiento, falta de motivaci\u00f3n o problemas para concentrarse.<\/li>\n<li><strong>Problemas para manejar el estr\u00e9s<\/strong>: Dificultad para afrontar las demandas del trabajo, la escuela o la vida cotidiana.<\/li>\n<li><strong>Falta de motivaci\u00f3n o prop\u00f3sito<\/strong>: Sentirse estancado, sin metas o sin sentido en la vida.<\/li>\n<\/ul>\n<p>[\/et_pb_text][\/et_pb_column][et_pb_column type=\u00bb1_2&#8243; _builder_version=\u00bb4.9.4&#8243; _module_preset=\u00bbdefault\u00bb][et_pb_image src=\u00bbhttps:\/\/cilecuba.com\/wp-content\/uploads\/2025\/06\/Imagen10.png\u00bb title_text=\u00bb2c1b4874-3e90-4049-a230-cb34e1912fe9&#8243; align=\u00bbcenter\u00bb _builder_version=\u00bb4.9.4&#8243; _module_preset=\u00bbdefault\u00bb custom_margin=\u00bb32px|||||\u00bb custom_padding=\u00bb0px|||||\u00bb][\/et_pb_image][\/et_pb_column][\/et_pb_row][et_pb_row column_structure=\u00bb1_2,1_2&#8243; _builder_version=\u00bb4.9.4&#8243; _module_preset=\u00bbdefault\u00bb custom_margin=\u00bb|auto|-5px|auto|false|false\u00bb custom_padding=\u00bb0px||||false|false\u00bb][et_pb_column type=\u00bb1_2&#8243; _builder_version=\u00bb4.9.4&#8243; _module_preset=\u00bbdefault\u00bb][et_pb_image src=\u00bbhttps:\/\/cilecuba.com\/wp-content\/uploads\/2025\/06\/Imagen11.png\u00bb title_text=\u00bbImagen9&#8243; align=\u00bbcenter\u00bb _builder_version=\u00bb4.9.4&#8243; _module_preset=\u00bbdefault\u00bb custom_margin=\u00bb13px|||||\u00bb custom_padding=\u00bb1px|||||\u00bb][\/et_pb_image][\/et_pb_column][et_pb_column type=\u00bb1_2&#8243; _builder_version=\u00bb4.9.4&#8243; _module_preset=\u00bbdefault\u00bb][et_pb_text _builder_version=\u00bb4.9.4&#8243; _module_preset=\u00bbdefault\u00bb custom_margin=\u00bb86px|||||\u00bb]<\/p>\n<h5><strong>Deseo de crecimiento personal: \u00a0<\/strong><\/h5>\n<ul>\n<li><strong>Autoconocimiento:<\/strong> Querer explorar tus emociones, pensamientos y comportamientos para comprenderte mejor.<\/li>\n<li><strong>Desarrollo de habilidades:<\/strong> Aprender estrategias para manejar el estr\u00e9s, mejorar la comunicaci\u00f3n o desarrollar relaciones m\u00e1s saludables.<\/li>\n<li><strong>Superaci\u00f3n personal:<\/strong> Buscar herramientas para alcanzar metas personales, superar obst\u00e1culos o vivir una vida m\u00e1s plena.<\/li>\n<\/ul>\n<p>[\/et_pb_text][\/et_pb_column][\/et_pb_row][et_pb_row _builder_version=\u00bb4.9.4&#8243; _module_preset=\u00bbdefault\u00bb custom_margin=\u00bb-9px|auto||auto||\u00bb custom_padding=\u00bb0px|||||\u00bb][et_pb_column type=\u00bb4_4&#8243; _builder_version=\u00bb4.9.4&#8243; _module_preset=\u00bbdefault\u00bb][et_pb_text _builder_version=\u00bb4.9.4&#8243; _module_preset=\u00bbdefault\u00bb custom_margin=\u00bb17px||-10px|||\u00bb]<\/p>\n<p style=\"text-align: justify;\">En conclusi\u00f3n, no hay un momento \u00abcorrecto\u00bb para ir al psic\u00f3logo. Si sientes que algo te est\u00e1 afectando emocionalmente, si tienes dificultades para manejar tus emociones o si simplemente deseas mejorar tu bienestar, buscar ayuda profesional puede ser una decisi\u00f3n valiosa.<\/p>\n<p>[\/et_pb_text][\/et_pb_column][\/et_pb_row][\/et_pb_section][et_pb_section fb_built=\u00bb1&#8243; fullwidth=\u00bbon\u00bb _builder_version=\u00bb4.9.4&#8243; _module_preset=\u00bbdefault\u00bb][et_pb_fullwidth_header title=\u00bbMi servicio terap\u00e9utico es un canal de transformaci\u00f3n emocional\u00bb _builder_version=\u00bb4.9.4&#8243; _module_preset=\u00bbdefault\u00bb title_font=\u00bb|700|||||||\u00bb title_text_align=\u00bbcenter\u00bb title_font_size=\u00bb40px\u00bb background_color=\u00bb#E02B20&#8243; custom_margin=\u00bb||||false|false\u00bb][\/et_pb_fullwidth_header][\/et_pb_section]<\/p>\n","protected":false},"excerpt":{"rendered":"<p>[et_pb_section fb_built=\u00bb1&#8243; fullwidth=\u00bbon\u00bb _builder_version=\u00bb4.9.4&#8243; _module_preset=\u00bbdefault\u00bb hover_enabled=\u00bb0&#8243; custom_margin_last_edited=\u00bbon|phone\u00bb sticky_enabled=\u00bb0&#8243; custom_margin=\u00bb-155px||||false|false\u00bb][et_pb_fullwidth_image src=\u00bbhttps:\/\/cilecuba.com\/wp-content\/uploads\/2025\/06\/encasa.jpg\u00bb title_text=\u00bbbioneuro1&#8243; _builder_version=\u00bb4.9.4&#8243; _module_preset=\u00bbdefault\u00bb custom_margin=\u00bb152px||||false|false\u00bb][\/et_pb_fullwidth_image][\/et_pb_section][et_pb_section fb_built=\u00bb1&#8243; _builder_version=\u00bb4.9.4&#8243; _module_preset=\u00bbdefault\u00bb background_color=\u00bbRGBA(0,0,0,0)\u00bb custom_margin=\u00bb3px||||false|false\u00bb custom_padding=\u00bb22px||0px||false|false\u00bb][et_pb_row _builder_version=\u00bb4.9.4&#8243; _module_preset=\u00bbdefault\u00bb custom_padding=\u00bb3px|||||\u00bb][et_pb_column type=\u00bb4_4&#8243; _builder_version=\u00bb4.9.4&#8243; _module_preset=\u00bbdefault\u00bb][dnxte_text_divider dnxt_divider_text=\u00bbCuando acudir a un psic\u00f3logo terapeuta\u00bb heading_tag=\u00bbh1&#8243; _builder_version=\u00bb4.9.4&#8243; _module_preset=\u00bbdefault\u00bb dnxt_divider_fonts_font=\u00bbMontserrat|700|||||||\u00bb dnxt_divider_fonts_text_color=\u00bb#474747&#8243; dnxt_divider_fonts_font_size=\u00bb40px\u00bb background_color=\u00bbRGBA(0,0,0,0)\u00bb custom_margin=\u00bb22px||33px|||\u00bb custom_padding=\u00bb9px||0px|||\u00bb hover_enabled=\u00bb0&#8243; dnxt_divider_fonts_text_shadow_style=\u00bbpreset1&#8243; dnxt_divider_fonts_font_size_last_edited=\u00bbon|desktop\u00bb sticky_enabled=\u00bb0&#8243; dnxt_divider_fonts_font_size_phone=\u00bb23px\u00bb][\/dnxte_text_divider][et_pb_text _builder_version=\u00bb4.9.4&#8243; _module_preset=\u00bbdefault\u00bb custom_margin=\u00bb-26px|||||\u00bb] Acudir a un psic\u00f3logo puede ser [&hellip;]<\/p>\n","protected":false},"author":1,"featured_media":0,"parent":0,"menu_order":0,"comment_status":"closed","ping_status":"closed","template":"","meta":{"_et_pb_use_builder":"on","_et_pb_old_content":"","_et_gb_content_width":"","_joinchat":[],"footnotes":""},"class_list":["post-240948","page","type-page","status-publish","hentry"],"_links":{"self":[{"href":"https:\/\/cilecuba.com\/index.php\/wp-json\/wp\/v2\/pages\/240948","targetHints":{"allow":["GET"]}}],"collection":[{"href":"https:\/\/cilecuba.com\/index.php\/wp-json\/wp\/v2\/pages"}],"about":[{"href":"https:\/\/cilecuba.com\/index.php\/wp-json\/wp\/v2\/types\/page"}],"author":[{"embeddable":true,"href":"https:\/\/cilecuba.com\/index.php\/wp-json\/wp\/v2\/users\/1"}],"replies":[{"embeddable":true,"href":"https:\/\/cilecuba.com\/index.php\/wp-json\/wp\/v2\/comments?post=240948"}],"version-history":[{"count":13,"href":"https:\/\/cilecuba.com\/index.php\/wp-json\/wp\/v2\/pages\/240948\/revisions"}],"predecessor-version":[{"id":241378,"href":"https:\/\/cilecuba.com\/index.php\/wp-json\/wp\/v2\/pages\/240948\/revisions\/241378"}],"wp:attachment":[{"href":"https:\/\/cilecuba.com\/index.php\/wp-json\/wp\/v2\/media?parent=240948"}],"curies":[{"name":"wp","href":"https:\/\/api.w.org\/{rel}","templated":true}]}}