{"id":240939,"date":"2025-05-06T20:57:31","date_gmt":"2025-05-06T18:57:31","guid":{"rendered":"https:\/\/cilecuba.com\/?page_id=240939"},"modified":"2025-07-29T06:50:10","modified_gmt":"2025-07-29T04:50:10","slug":"biodescodificacion","status":"publish","type":"page","link":"https:\/\/cilecuba.com\/index.php\/biodescodificacion\/","title":{"rendered":"Biodescodificaci\u00f3n"},"content":{"rendered":"<p>[et_pb_section fb_built=\u00bb1&#8243; fullwidth=\u00bbon\u00bb _builder_version=\u00bb4.9.4&#8243; _module_preset=\u00bbdefault\u00bb hover_enabled=\u00bb0&#8243; custom_margin=\u00bb||||false|false\u00bb custom_margin_last_edited=\u00bbon|phone\u00bb sticky_enabled=\u00bb0&#8243;][et_pb_fullwidth_image src=\u00bbhttps:\/\/cilecuba.com\/wp-content\/uploads\/2025\/06\/bioneuro2.jpg\u00bb title_text=\u00bbbioneuro2&#8243; _builder_version=\u00bb4.9.4&#8243; _module_preset=\u00bbdefault\u00bb custom_margin=\u00bb-3px||||false|false\u00bb][\/et_pb_fullwidth_image][\/et_pb_section][et_pb_section fb_built=\u00bb1&#8243; _builder_version=\u00bb4.9.4&#8243; _module_preset=\u00bbdefault\u00bb background_color=\u00bbRGBA(0,0,0,0)\u00bb custom_padding=\u00bb11px||3px|||\u00bb][et_pb_row _builder_version=\u00bb4.9.4&#8243; _module_preset=\u00bbdefault\u00bb][et_pb_column type=\u00bb4_4&#8243; _builder_version=\u00bb4.9.4&#8243; _module_preset=\u00bbdefault\u00bb][dnxte_text_divider dnxt_divider_text=\u00bbBiodescodificaci\u00f3n\u00bb heading_tag=\u00bbh1&#8243; _builder_version=\u00bb4.9.4&#8243; _module_preset=\u00bbdefault\u00bb dnxt_divider_fonts_font=\u00bbMontserrat|700|||||||\u00bb dnxt_divider_fonts_text_color=\u00bb#474747&#8243; dnxt_divider_fonts_font_size=\u00bb40px\u00bb background_color=\u00bbRGBA(0,0,0,0)\u00bb hover_enabled=\u00bb0&#8243; dnxt_divider_fonts_text_shadow_style=\u00bbpreset1&#8243; dnxt_divider_fonts_font_size_last_edited=\u00bbon|phone\u00bb dnxt_divider_fonts_font_size_phone=\u00bb23px\u00bb sticky_enabled=\u00bb0&#8243; custom_margin=\u00bb||||false|false\u00bb][\/dnxte_text_divider][\/et_pb_column][\/et_pb_row][\/et_pb_section][et_pb_section fb_built=\u00bb1&#8243; _builder_version=\u00bb4.9.4&#8243; _module_preset=\u00bbdefault\u00bb background_color=\u00bbRGBA(0,0,0,0)\u00bb custom_margin=\u00bb3px||||false|false\u00bb custom_padding=\u00bb5px||0px||false|false\u00bb][et_pb_row column_structure=\u00bb1_2,1_2&#8243; _builder_version=\u00bb4.9.4&#8243; _module_preset=\u00bbdefault\u00bb custom_margin=\u00bb0px|auto||auto|false|false\u00bb custom_padding=\u00bb||0px|||\u00bb hover_enabled=\u00bb0&#8243; custom_margin_last_edited=\u00bbon|phone\u00bb sticky_enabled=\u00bb0&#8243; custom_margin_phone=\u00bb-33px||||false|false\u00bb][et_pb_column type=\u00bb1_2&#8243; _builder_version=\u00bb4.9.4&#8243; _module_preset=\u00bbdefault\u00bb][et_pb_text _builder_version=\u00bb4.9.4&#8243; _module_preset=\u00bbdefault\u00bb custom_margin=\u00bb||73px|||\u00bb]<\/p>\n<p style=\"text-align: justify;\"><strong>La Biodescodificaci\u00f3n<\/strong> parte de la premisa en que las enfermedades tienen un sentido biol\u00f3gico ligado a conflictos emocionales. Su campo de estudio abarca la influencia de las emociones en nuestro bienestar general.<\/p>\n<p style=\"text-align: justify;\">Esta terapia <strong>integra diversas disciplinas cient\u00edficas, filos\u00f3ficas y human\u00edsticas,<\/strong> explorando las emociones y su intr\u00ednseca relaci\u00f3n con las creencias, las percepciones, el cuerpo y las interacciones interpersonales. Asimismo, unifica distintas perspectivas sobre la conexi\u00f3n existente entre el cuerpo, la mente y las emociones, nutri\u00e9ndose tanto de conocimientos cient\u00edficos como espirituales.<\/p>\n<p>[\/et_pb_text][\/et_pb_column][et_pb_column type=\u00bb1_2&#8243; _builder_version=\u00bb4.9.4&#8243; _module_preset=\u00bbdefault\u00bb][et_pb_image src=\u00bbhttps:\/\/cilecuba.com\/wp-content\/uploads\/2025\/05\/bioneuro1111.png\u00bb title_text=\u00bbbioneuro1111&#8243; _builder_version=\u00bb4.9.4&#8243; _module_preset=\u00bbdefault\u00bb custom_margin=\u00bb-2px|||||\u00bb][\/et_pb_image][\/et_pb_column][\/et_pb_row][et_pb_row column_structure=\u00bb1_2,1_2&#8243; _builder_version=\u00bb4.9.4&#8243; _module_preset=\u00bbdefault\u00bb custom_padding=\u00bb3px|||||\u00bb][et_pb_column type=\u00bb1_2&#8243; _builder_version=\u00bb4.9.4&#8243; _module_preset=\u00bbdefault\u00bb][et_pb_image src=\u00bbhttps:\/\/cilecuba.com\/wp-content\/uploads\/2025\/05\/bioneuroemocion-agendala-c2.jpg\u00bb title_text=\u00bbirina00001&#8243; _builder_version=\u00bb4.9.4&#8243; _module_preset=\u00bbdefault\u00bb custom_margin=\u00bb1px|||||\u00bb custom_padding=\u00bb131px|||||\u00bb][\/et_pb_image][\/et_pb_column][et_pb_column type=\u00bb1_2&#8243; _builder_version=\u00bb4.9.4&#8243; _module_preset=\u00bbdefault\u00bb][et_pb_text _builder_version=\u00bb4.9.4&#8243; _module_preset=\u00bbdefault\u00bb min_height=\u00bb621.6px\u00bb custom_margin=\u00bb||-61px|||\u00bb custom_padding=\u00bb13px||0px|||\u00bb]<\/p>\n<p><strong>Objetivo Terap\u00e9utico<\/strong><\/p>\n<p style=\"text-align: justify;\">El objetivo primordial radica en transformar la percepci\u00f3n y comprensi\u00f3n de la informaci\u00f3n heredada de nuestro entorno familiar y social, con el fin de asumir la responsabilidad de nuestro propio bienestar.<\/p>\n<p>\u00a0<strong>Metodolog\u00eda Terap\u00e9utica<\/strong><\/p>\n<p style=\"text-align: justify;\">Su metodolog\u00eda consiste en examinar la relaci\u00f3n entre el cuerpo, la mente y las emociones para consolidar el conocimiento proveniente de diversas \u00e1reas.<\/p>\n<p style=\"text-align: justify;\">\u00a0El m\u00e9todo se sustenta en la idea de que los conflictos emocionales y el estr\u00e9s ejercen una influencia directa sobre nuestra salud y bienestar.<\/p>\n<p style=\"text-align: justify;\">En el n\u00facleo de <strong>la Biodescodificaci\u00f3n<\/strong> reside la potencia de la percepci\u00f3n. Al modificar conscientemente la manera en que los individuos interpretan sus vivencias, la metodolog\u00eda aspira a desencadenar cambios positivos tanto en su bienestar emocional como f\u00edsico.<\/p>\n<p style=\"text-align: justify;\">Esto sugiere una creencia fundamental en la capacidad de la mente para influir en los procesos biol\u00f3gicos. M\u00faltiples fuentes resaltan la \u00abmodificaci\u00f3n de la percepci\u00f3n\u00bb como un elemento central en <strong>la Biodescodificaci\u00f3n<\/strong>. Este tema recurrente indica que la metodolog\u00eda prioriza la reestructuraci\u00f3n cognitiva y emocional como un mecanismo clave para alcanzar el bienestar.<\/p>\n<p style=\"text-align: justify;\">\n<p>La metodolog\u00eda de <strong>la Biodescodificaci\u00f3n<\/strong> se articula en cuatro pasos principales para identificar el origen emocional de los conflictos:<\/p>\n<ul>\n<li>an\u00e1lisis (identificaci\u00f3n del estr\u00e9s),<\/li>\n<li>comprensi\u00f3n (conocimiento del origen),<\/li>\n<li>aprendizaje (recuperaci\u00f3n de un papel proactivo) y<\/li>\n<li>aplicaci\u00f3n (adquisici\u00f3n de recursos).<\/li>\n<\/ul>\n<p>[\/et_pb_text][\/et_pb_column][\/et_pb_row][et_pb_row _builder_version=\u00bb4.9.4&#8243; _module_preset=\u00bbdefault\u00bb custom_padding=\u00bb2px|||||\u00bb][et_pb_column type=\u00bb4_4&#8243; _builder_version=\u00bb4.9.4&#8243; _module_preset=\u00bbdefault\u00bb][et_pb_text _builder_version=\u00bb4.9.4&#8243; _module_preset=\u00bbdefault\u00bb custom_margin=\u00bb49px||-10px|||\u00bb]<\/p>\n<p style=\"text-align: justify;\"><strong>Un concepto clave es el \u00absentido biol\u00f3gico\u00bb de la enfermedad.<\/strong> Desde esta perspectiva, la enfermedad se considera un programa biol\u00f3gico de supervivencia para adaptarse a situaciones de impacto emocional. Se cuestiona el prop\u00f3sito de la enfermedad para fomentar la madurez emocional y la autosanaci\u00f3n. <strong>La Biodescodificaci\u00f3n <\/strong>no desacredita los tratamientos convencionales, sino que los complementa, estudiando los programas biol\u00f3gicos que la naturaleza tiene para adaptarse al medio a trav\u00e9s de la desadaptaci\u00f3n y los s\u00edntomas.<\/p>\n<p style=\"text-align: justify;\">[\/et_pb_text][\/et_pb_column][\/et_pb_row][\/et_pb_section][et_pb_section fb_built=\u00bb1&#8243; fullwidth=\u00bbon\u00bb _builder_version=\u00bb4.9.4&#8243; _module_preset=\u00bbdefault\u00bb][et_pb_fullwidth_header title=\u00bbMi servicio terap\u00e9utico es un canal de transformaci\u00f3n emocional\u00bb _builder_version=\u00bb4.9.4&#8243; _module_preset=\u00bbdefault\u00bb title_font=\u00bb|700|||||||\u00bb title_text_align=\u00bbcenter\u00bb title_font_size=\u00bb40px\u00bb background_color=\u00bb#E02B20&#8243; custom_margin=\u00bb||||false|false\u00bb][\/et_pb_fullwidth_header][\/et_pb_section]<\/p>\n","protected":false},"excerpt":{"rendered":"<p>[et_pb_section fb_built=\u00bb1&#8243; fullwidth=\u00bbon\u00bb _builder_version=\u00bb4.9.4&#8243; _module_preset=\u00bbdefault\u00bb hover_enabled=\u00bb0&#8243; custom_margin=\u00bb||||false|false\u00bb custom_margin_last_edited=\u00bbon|phone\u00bb sticky_enabled=\u00bb0&#8243;][et_pb_fullwidth_image src=\u00bbhttps:\/\/cilecuba.com\/wp-content\/uploads\/2025\/06\/bioneuro2.jpg\u00bb title_text=\u00bbbioneuro2&#8243; _builder_version=\u00bb4.9.4&#8243; _module_preset=\u00bbdefault\u00bb custom_margin=\u00bb-3px||||false|false\u00bb][\/et_pb_fullwidth_image][\/et_pb_section][et_pb_section fb_built=\u00bb1&#8243; _builder_version=\u00bb4.9.4&#8243; _module_preset=\u00bbdefault\u00bb background_color=\u00bbRGBA(0,0,0,0)\u00bb custom_padding=\u00bb11px||3px|||\u00bb][et_pb_row _builder_version=\u00bb4.9.4&#8243; _module_preset=\u00bbdefault\u00bb][et_pb_column type=\u00bb4_4&#8243; _builder_version=\u00bb4.9.4&#8243; _module_preset=\u00bbdefault\u00bb][dnxte_text_divider dnxt_divider_text=\u00bbBiodescodificaci\u00f3n\u00bb heading_tag=\u00bbh1&#8243; _builder_version=\u00bb4.9.4&#8243; _module_preset=\u00bbdefault\u00bb dnxt_divider_fonts_font=\u00bbMontserrat|700|||||||\u00bb dnxt_divider_fonts_text_color=\u00bb#474747&#8243; dnxt_divider_fonts_font_size=\u00bb40px\u00bb background_color=\u00bbRGBA(0,0,0,0)\u00bb hover_enabled=\u00bb0&#8243; dnxt_divider_fonts_text_shadow_style=\u00bbpreset1&#8243; dnxt_divider_fonts_font_size_last_edited=\u00bbon|phone\u00bb dnxt_divider_fonts_font_size_phone=\u00bb23px\u00bb sticky_enabled=\u00bb0&#8243; custom_margin=\u00bb||||false|false\u00bb][\/dnxte_text_divider][\/et_pb_column][\/et_pb_row][\/et_pb_section][et_pb_section fb_built=\u00bb1&#8243; _builder_version=\u00bb4.9.4&#8243; _module_preset=\u00bbdefault\u00bb background_color=\u00bbRGBA(0,0,0,0)\u00bb custom_margin=\u00bb3px||||false|false\u00bb custom_padding=\u00bb5px||0px||false|false\u00bb][et_pb_row column_structure=\u00bb1_2,1_2&#8243; _builder_version=\u00bb4.9.4&#8243; _module_preset=\u00bbdefault\u00bb custom_margin=\u00bb0px|auto||auto|false|false\u00bb custom_padding=\u00bb||0px|||\u00bb hover_enabled=\u00bb0&#8243; custom_margin_last_edited=\u00bbon|phone\u00bb sticky_enabled=\u00bb0&#8243; custom_margin_phone=\u00bb-33px||||false|false\u00bb][et_pb_column type=\u00bb1_2&#8243; _builder_version=\u00bb4.9.4&#8243; [&hellip;]<\/p>\n","protected":false},"author":1,"featured_media":0,"parent":0,"menu_order":0,"comment_status":"closed","ping_status":"closed","template":"","meta":{"_et_pb_use_builder":"on","_et_pb_old_content":"","_et_gb_content_width":"","_joinchat":[],"footnotes":""},"class_list":["post-240939","page","type-page","status-publish","hentry"],"_links":{"self":[{"href":"https:\/\/cilecuba.com\/index.php\/wp-json\/wp\/v2\/pages\/240939","targetHints":{"allow":["GET"]}}],"collection":[{"href":"https:\/\/cilecuba.com\/index.php\/wp-json\/wp\/v2\/pages"}],"about":[{"href":"https:\/\/cilecuba.com\/index.php\/wp-json\/wp\/v2\/types\/page"}],"author":[{"embeddable":true,"href":"https:\/\/cilecuba.com\/index.php\/wp-json\/wp\/v2\/users\/1"}],"replies":[{"embeddable":true,"href":"https:\/\/cilecuba.com\/index.php\/wp-json\/wp\/v2\/comments?post=240939"}],"version-history":[{"count":12,"href":"https:\/\/cilecuba.com\/index.php\/wp-json\/wp\/v2\/pages\/240939\/revisions"}],"predecessor-version":[{"id":241373,"href":"https:\/\/cilecuba.com\/index.php\/wp-json\/wp\/v2\/pages\/240939\/revisions\/241373"}],"wp:attachment":[{"href":"https:\/\/cilecuba.com\/index.php\/wp-json\/wp\/v2\/media?parent=240939"}],"curies":[{"name":"wp","href":"https:\/\/api.w.org\/{rel}","templated":true}]}}