{"id":240897,"date":"2025-04-08T18:08:35","date_gmt":"2025-04-08T16:08:35","guid":{"rendered":"https:\/\/cilecuba.com\/?page_id=240897"},"modified":"2025-07-29T06:54:19","modified_gmt":"2025-07-29T04:54:19","slug":"quien-soy","status":"publish","type":"page","link":"https:\/\/cilecuba.com\/index.php\/quien-soy\/","title":{"rendered":"Quien soy"},"content":{"rendered":"<p>[et_pb_section fb_built=\u00bb1&#8243; fullwidth=\u00bbon\u00bb _builder_version=\u00bb4.9.4&#8243; _module_preset=\u00bbdefault\u00bb hover_enabled=\u00bb0&#8243; custom_margin_last_edited=\u00bbon|phone\u00bb sticky_enabled=\u00bb0&#8243;][et_pb_fullwidth_image src=\u00bbhttps:\/\/cilecuba.com\/wp-content\/uploads\/2025\/05\/conocenos1.jpg\u00bb title_text=\u00bbconocenos1&#8243; _builder_version=\u00bb4.9.4&#8243; _module_preset=\u00bbdefault\u00bb custom_margin=\u00bb-1px||||false|false\u00bb][\/et_pb_fullwidth_image][\/et_pb_section][et_pb_section fb_built=\u00bb1&#8243; _builder_version=\u00bb4.9.4&#8243; _module_preset=\u00bbdefault\u00bb background_color=\u00bbRGBA(0,0,0,0)\u00bb custom_padding=\u00bb0px||0px|||\u00bb][et_pb_row _builder_version=\u00bb4.9.4&#8243; _module_preset=\u00bbdefault\u00bb custom_padding=\u00bb45px|||||\u00bb][et_pb_column type=\u00bb4_4&#8243; _builder_version=\u00bb4.9.4&#8243; _module_preset=\u00bbdefault\u00bb][dnxte_text_divider dnxt_divider_text=\u00bbIrina N\u00fa\u00f1ez Ru\u00edz\u00bb heading_tag=\u00bbh1&#8243; _builder_version=\u00bb4.9.4&#8243; _module_preset=\u00bbdefault\u00bb dnxt_divider_fonts_font=\u00bbMontserrat|700|||||||\u00bb dnxt_divider_fonts_text_color=\u00bb#474747&#8243; dnxt_divider_fonts_font_size=\u00bb40px\u00bb background_color=\u00bbRGBA(0,0,0,0)\u00bb hover_enabled=\u00bb0&#8243; dnxt_divider_fonts_text_shadow_style=\u00bbpreset1&#8243; dnxt_divider_fonts_font_size_last_edited=\u00bbon|desktop\u00bb sticky_enabled=\u00bb0&#8243; dnxt_divider_fonts_font_size_phone=\u00bb26px\u00bb][\/dnxte_text_divider][\/et_pb_column][\/et_pb_row][\/et_pb_section][et_pb_section fb_built=\u00bb1&#8243; _builder_version=\u00bb4.9.4&#8243; _module_preset=\u00bbdefault\u00bb background_color=\u00bbRGBA(0,0,0,0)\u00bb custom_margin=\u00bb3px||||false|false\u00bb custom_padding=\u00bb||27px||false|false\u00bb hover_enabled=\u00bb0&#8243; custom_margin_last_edited=\u00bbon|desktop\u00bb sticky_enabled=\u00bb0&#8243; custom_margin_phone=\u00bb-41px||||false|false\u00bb][et_pb_row column_structure=\u00bb1_2,1_2&#8243; _builder_version=\u00bb4.9.4&#8243; _module_preset=\u00bbdefault\u00bb custom_margin=\u00bb-33px|auto||auto||\u00bb][et_pb_column type=\u00bb1_2&#8243; _builder_version=\u00bb4.9.4&#8243; _module_preset=\u00bbdefault\u00bb][et_pb_text _builder_version=\u00bb4.9.4&#8243; _module_preset=\u00bbdefault\u00bb]<\/p>\n<h2><strong>Mi historia<\/strong><\/h2>\n<p style=\"text-align: justify;\">\u00abDurante 25 a\u00f1os he recorrido un camino que me ha llevado a descubrir lo que realmente transforma a una persona. Desde las primeras pr\u00e1cticas de psicolog\u00eda cl\u00ednica en la Universidad de Ciencias M\u00e9dicas de Cuba, en mi desempe\u00f1o profesional, hasta la pr\u00e1ctica de la B\u00edodescodificaci\u00f3n, cada t\u00e9cnica aplicada me ha mostrado c\u00f3mo liberar bloqueos y reescribir la historia emocional de mis pacientes. Y eso es precisamente lo que quiero que experimentes: un proceso profundo que te ayude a soltar el peso del pasado y vivir con m\u00e1s ligereza, claridad y bienestar.\u00bb<\/p>\n<p>[\/et_pb_text][et_pb_text _builder_version=\u00bb4.9.4&#8243; _module_preset=\u00bbdefault\u00bb]<\/p>\n<h2><strong>Mi formaci\u00f3n<\/strong><\/h2>\n<p style=\"text-align: justify;\">En cuanto a mi formaci\u00f3n acad\u00e9mica, al haber obtenido la Licenciatura en Psicolog\u00eda, a nivel post grado he cursado las especialidades de Promoci\u00f3n y prevenci\u00f3n de la salud sexual y practicas sexol\u00f3gicas en el Centro Nacional de Educaci\u00f3n Sexual (CENESEX), La Habana-Cuba, as\u00ed como tambi\u00e9n un curso nivel Post Grado de Especialista en Biodescodificaci\u00f3n en el Instituto Argentino de Capacitaci\u00f3n Emocional (IACE), habiendo tambi\u00e9n cursado una Diplomatura en Salud mental infanto juvenil emitida por la Universidad de Ciencias M\u00e9dicas de Villa Clara.<\/p>\n<p>[\/et_pb_text][\/et_pb_column][et_pb_column type=\u00bb1_2&#8243; _builder_version=\u00bb4.9.4&#8243; _module_preset=\u00bbdefault\u00bb][et_pb_image src=\u00bbhttps:\/\/cilecuba.com\/wp-content\/uploads\/2025\/02\/irina-3.jpg\u00bb title_text=\u00bbirina-3&#8243; _builder_version=\u00bb4.9.4&#8243; _module_preset=\u00bbdefault\u00bb custom_margin=\u00bb62px|||||\u00bb][\/et_pb_image][\/et_pb_column][\/et_pb_row][et_pb_row column_structure=\u00bb1_2,1_2&#8243; _builder_version=\u00bb4.9.4&#8243; _module_preset=\u00bbdefault\u00bb custom_padding=\u00bb56px|||||\u00bb][et_pb_column type=\u00bb1_2&#8243; _builder_version=\u00bb4.9.4&#8243; _module_preset=\u00bbdefault\u00bb][et_pb_image src=\u00bbhttps:\/\/cilecuba.com\/wp-content\/uploads\/2025\/06\/irina1234.jpg\u00bb title_text=\u00bbCENESEX\u00bb _builder_version=\u00bb4.9.4&#8243; _module_preset=\u00bbdefault\u00bb custom_margin=\u00bb24px|||||\u00bb][\/et_pb_image][\/et_pb_column][et_pb_column type=\u00bb1_2&#8243; _builder_version=\u00bb4.9.4&#8243; _module_preset=\u00bbdefault\u00bb][et_pb_text _builder_version=\u00bb4.9.4&#8243; _module_preset=\u00bbdefault\u00bb custom_margin=\u00bb-23px|||||\u00bb]<\/p>\n<h2><strong>Mi acreditaci\u00f3n<\/strong><\/h2>\n<p style=\"text-align: justify;\">Me gradu\u00e9 como Licenciada en Psicolog\u00eda, en la Universidad de Ciencias M\u00e9dicas de Villa Clara, Cuba. Me encuentro registrada en mi pa\u00eds, en el Registro de Profesionales de la Salud con el N\u00b0 117039 y en el Gremio profesional de Per\u00fa del Colegio de Psic\u00f3logos del Per\u00fa \u2013 Consejo Directivo Regional I Lima con el Registro N\u00b0 100704.<\/p>\n<p>[\/et_pb_text][et_pb_text _builder_version=\u00bb4.9.4&#8243; _module_preset=\u00bbdefault\u00bb custom_margin=\u00bb-7px|||||\u00bb]<\/p>\n<h2><strong>Mi experiencia<\/strong><\/h2>\n<p style=\"text-align: justify;\">En mi experiencia laboral he brindado servicio en mi pa\u00eds como jefa del Dpto. de Cuadros Directivos del Sectorial Municipal de Salud &#8211; Sagua La Grande en Cuba, habiendo iniciado mi trayectoria como profesional de la salud mental en los equipos de m\u00e9dicos de familia, para luego desarrollar mi labor en los Policl\u00ednicos Docentes. <br \/>En el Centro de la de Ciudad de Lima, laboro en el Centro MEDICOS CUBANOS y en el distrito de San Isidro en ORBI-SALUD<\/p>\n<p>[\/et_pb_text][\/et_pb_column][\/et_pb_row][et_pb_row column_structure=\u00bb1_2,1_2&#8243; _builder_version=\u00bb4.9.4&#8243; _module_preset=\u00bbdefault\u00bb custom_margin=\u00bb-33px|auto||auto||\u00bb custom_padding=\u00bb41px|||||\u00bb][et_pb_column type=\u00bb1_2&#8243; _builder_version=\u00bb4.9.4&#8243; _module_preset=\u00bbdefault\u00bb][et_pb_text _builder_version=\u00bb4.9.4&#8243; _module_preset=\u00bbdefault\u00bb]<\/p>\n<h2><strong>Misi\u00f3n<\/strong><\/h2>\n<p>Tengo como prioridad restablecer la salud mental de los pacientes, gui\u00e1ndolos hacia un mundo mejor en su entorno personal y p\u00fablico, logrando as\u00ed restablecer su adaptaci\u00f3n al mundo que los rodea.<\/p>\n<p>[\/et_pb_text][et_pb_text _builder_version=\u00bb4.9.4&#8243; _module_preset=\u00bbdefault\u00bb]<\/p>\n<h2><strong>Visi\u00f3n<\/strong><\/h2>\n<p style=\"text-align: justify;\">Ser un referente terap\u00e9utico de la mejora en la calidad de vida del p\u00fablico en general.<\/p>\n<p style=\"text-align: justify;\">En cuanto a mi persona, concluyo dici\u00e9ndote que juntos, trabajaremos en equipo para que puedas vivir tu vida al m\u00e1ximo, con plenitud y satisfacci\u00f3n. Identificaremos lo que te est\u00e1 sucediendo, tanto en la superficie como en las causas m\u00e1s profundas. Luego, trabajaremos incansablemente para eliminar cualquier obst\u00e1culo y potenciar todo aquello que te enriquece y te hace feliz.<\/p>\n<p>[\/et_pb_text][\/et_pb_column][et_pb_column type=\u00bb1_2&#8243; _builder_version=\u00bb4.9.4&#8243; _module_preset=\u00bbdefault\u00bb][et_pb_image src=\u00bbhttps:\/\/cilecuba.com\/wp-content\/uploads\/2025\/06\/mision.jpg\u00bb title_text=\u00bbirina-3&#8243; _builder_version=\u00bb4.9.4&#8243; _module_preset=\u00bbdefault\u00bb custom_padding=\u00bb32px|||||\u00bb][\/et_pb_image][\/et_pb_column][\/et_pb_row][et_pb_row _builder_version=\u00bb4.9.4&#8243; _module_preset=\u00bbdefault\u00bb custom_padding=\u00bb3px|||||\u00bb][et_pb_column type=\u00bb4_4&#8243; _builder_version=\u00bb4.9.4&#8243; _module_preset=\u00bbdefault\u00bb][et_pb_text _builder_version=\u00bb4.9.4&#8243; _module_preset=\u00bbdefault\u00bb text_font=\u00bb|700|||||||\u00bb text_font_size=\u00bb23px\u00bb]<\/p>\n<p style=\"text-align: center;\">\u00a1Estar\u00e9 contigo en cada paso del camino!<\/p>\n<p>[\/et_pb_text][\/et_pb_column][\/et_pb_row][\/et_pb_section][et_pb_section fb_built=\u00bb1&#8243; fullwidth=\u00bbon\u00bb _builder_version=\u00bb4.9.4&#8243; _module_preset=\u00bbdefault\u00bb][et_pb_fullwidth_header title=\u00bbMi servicio terap\u00e9utico es un canal de transformaci\u00f3n emocional\u00bb _builder_version=\u00bb4.9.4&#8243; _module_preset=\u00bbdefault\u00bb title_font=\u00bb|700|||||||\u00bb title_text_align=\u00bbcenter\u00bb title_font_size=\u00bb40px\u00bb background_color=\u00bb#E02B20&#8243; custom_margin=\u00bb||||false|false\u00bb][\/et_pb_fullwidth_header][\/et_pb_section]<\/p>\n","protected":false},"excerpt":{"rendered":"<p>[et_pb_section fb_built=\u00bb1&#8243; fullwidth=\u00bbon\u00bb _builder_version=\u00bb4.9.4&#8243; _module_preset=\u00bbdefault\u00bb hover_enabled=\u00bb0&#8243; custom_margin_last_edited=\u00bbon|phone\u00bb sticky_enabled=\u00bb0&#8243;][et_pb_fullwidth_image src=\u00bbhttps:\/\/cilecuba.com\/wp-content\/uploads\/2025\/05\/conocenos1.jpg\u00bb title_text=\u00bbconocenos1&#8243; _builder_version=\u00bb4.9.4&#8243; _module_preset=\u00bbdefault\u00bb custom_margin=\u00bb-1px||||false|false\u00bb][\/et_pb_fullwidth_image][\/et_pb_section][et_pb_section fb_built=\u00bb1&#8243; _builder_version=\u00bb4.9.4&#8243; _module_preset=\u00bbdefault\u00bb background_color=\u00bbRGBA(0,0,0,0)\u00bb custom_padding=\u00bb0px||0px|||\u00bb][et_pb_row _builder_version=\u00bb4.9.4&#8243; _module_preset=\u00bbdefault\u00bb custom_padding=\u00bb45px|||||\u00bb][et_pb_column type=\u00bb4_4&#8243; _builder_version=\u00bb4.9.4&#8243; _module_preset=\u00bbdefault\u00bb][dnxte_text_divider dnxt_divider_text=\u00bbIrina N\u00fa\u00f1ez Ru\u00edz\u00bb heading_tag=\u00bbh1&#8243; _builder_version=\u00bb4.9.4&#8243; _module_preset=\u00bbdefault\u00bb dnxt_divider_fonts_font=\u00bbMontserrat|700|||||||\u00bb dnxt_divider_fonts_text_color=\u00bb#474747&#8243; dnxt_divider_fonts_font_size=\u00bb40px\u00bb background_color=\u00bbRGBA(0,0,0,0)\u00bb hover_enabled=\u00bb0&#8243; dnxt_divider_fonts_text_shadow_style=\u00bbpreset1&#8243; dnxt_divider_fonts_font_size_last_edited=\u00bbon|desktop\u00bb sticky_enabled=\u00bb0&#8243; dnxt_divider_fonts_font_size_phone=\u00bb26px\u00bb][\/dnxte_text_divider][\/et_pb_column][\/et_pb_row][\/et_pb_section][et_pb_section fb_built=\u00bb1&#8243; _builder_version=\u00bb4.9.4&#8243; _module_preset=\u00bbdefault\u00bb background_color=\u00bbRGBA(0,0,0,0)\u00bb custom_margin=\u00bb3px||||false|false\u00bb custom_padding=\u00bb||27px||false|false\u00bb hover_enabled=\u00bb0&#8243; custom_margin_last_edited=\u00bbon|desktop\u00bb sticky_enabled=\u00bb0&#8243; custom_margin_phone=\u00bb-41px||||false|false\u00bb][et_pb_row column_structure=\u00bb1_2,1_2&#8243; _builder_version=\u00bb4.9.4&#8243; _module_preset=\u00bbdefault\u00bb custom_margin=\u00bb-33px|auto||auto||\u00bb][et_pb_column type=\u00bb1_2&#8243; _builder_version=\u00bb4.9.4&#8243; [&hellip;]<\/p>\n","protected":false},"author":1,"featured_media":0,"parent":0,"menu_order":0,"comment_status":"closed","ping_status":"closed","template":"","meta":{"_et_pb_use_builder":"on","_et_pb_old_content":"","_et_gb_content_width":"","_joinchat":[],"footnotes":""},"class_list":["post-240897","page","type-page","status-publish","hentry"],"_links":{"self":[{"href":"https:\/\/cilecuba.com\/index.php\/wp-json\/wp\/v2\/pages\/240897","targetHints":{"allow":["GET"]}}],"collection":[{"href":"https:\/\/cilecuba.com\/index.php\/wp-json\/wp\/v2\/pages"}],"about":[{"href":"https:\/\/cilecuba.com\/index.php\/wp-json\/wp\/v2\/types\/page"}],"author":[{"embeddable":true,"href":"https:\/\/cilecuba.com\/index.php\/wp-json\/wp\/v2\/users\/1"}],"replies":[{"embeddable":true,"href":"https:\/\/cilecuba.com\/index.php\/wp-json\/wp\/v2\/comments?post=240897"}],"version-history":[{"count":21,"href":"https:\/\/cilecuba.com\/index.php\/wp-json\/wp\/v2\/pages\/240897\/revisions"}],"predecessor-version":[{"id":241377,"href":"https:\/\/cilecuba.com\/index.php\/wp-json\/wp\/v2\/pages\/240897\/revisions\/241377"}],"wp:attachment":[{"href":"https:\/\/cilecuba.com\/index.php\/wp-json\/wp\/v2\/media?parent=240897"}],"curies":[{"name":"wp","href":"https:\/\/api.w.org\/{rel}","templated":true}]}}