{"id":240789,"date":"2025-03-08T19:15:18","date_gmt":"2025-03-08T18:15:18","guid":{"rendered":"https:\/\/cilecuba.com\/?page_id=240789"},"modified":"2025-07-26T05:00:59","modified_gmt":"2025-07-26T03:00:59","slug":"terapias","status":"publish","type":"page","link":"https:\/\/cilecuba.com\/index.php\/terapias\/","title":{"rendered":"Terapias"},"content":{"rendered":"<p>[et_pb_section fb_built=\u00bb1&#8243; fullwidth=\u00bbon\u00bb _builder_version=\u00bb4.9.4&#8243; _module_preset=\u00bbdefault\u00bb custom_margin=\u00bb-173px||||false|false\u00bb][et_pb_fullwidth_code _builder_version=\u00bb4.9.4&#8243; _module_preset=\u00bbdefault\u00bb hover_enabled=\u00bb0&#8243; custom_margin=\u00bb172px||||false|false\u00bb sticky_enabled=\u00bb0&#8243;]<script type=\"text\/javascript\">jQuery(function() { _initLayerSlider( '#layerslider_3_1c8e990pyxso2', {sliderVersion: '7.14.0', allowFullscreen: true, pauseOnHover: 'enabled', skin: 'v6', sliderFadeInDuration: 350, globalBGColor: '#ffffff', useSrcset: true, skinsPath: 'https:\/\/cilecuba.com\/wp-content\/plugins\/LayerSlider\/assets\/static\/layerslider\/skins\/', performanceMode: true}); });<\/script><div id=\"layerslider_3_1c8e990pyxso2\"  class=\"ls-wp-container fitvidsignore ls-selectable\" style=\"width:2000px;height:540px;margin:0 auto;margin-bottom: 0px;\"><div class=\"ls-slide\" data-ls=\"parallaxtype:3d;parallaxrotate:20;\"><img loading=\"lazy\" decoding=\"async\" width=\"2000\" height=\"541\" src=\"https:\/\/cilecuba.com\/wp-content\/uploads\/2025\/03\/derf.jpg\" class=\"ls-bg\" alt=\"\" srcset=\"https:\/\/cilecuba.com\/wp-content\/uploads\/2025\/03\/derf.jpg 2000w, https:\/\/cilecuba.com\/wp-content\/uploads\/2025\/03\/derf-1280x346.jpg 1280w, https:\/\/cilecuba.com\/wp-content\/uploads\/2025\/03\/derf-980x265.jpg 980w, https:\/\/cilecuba.com\/wp-content\/uploads\/2025\/03\/derf-480x130.jpg 480w\" sizes=\"auto, (min-width: 0px) and (max-width: 480px) 480px, (min-width: 481px) and (max-width: 980px) 980px, (min-width: 981px) and (max-width: 1280px) 1280px, (min-width: 1281px) 2000px, 100vw\" \/><img decoding=\"async\" src=\"[image-url]\" class=\"ls-tn\" alt=\"Slide thumbnail\" \/><p style=\"top:212px;left:416px;text-align:initial;font-family:Impact;font-size:96px;line-height:falsepx;color:rgba(173, 7, 7, 0.75);\" class=\"ls-l ls-text-layer\" data-ls=\"showinfo:1;parallax:true;parallaxlevel:-1;position:relative;\">Terapias<\/p><\/div><\/div>[\/et_pb_fullwidth_code][\/et_pb_section][et_pb_section fb_built=\u00bb1&#8243; _builder_version=\u00bb4.7.7&#8243; _module_preset=\u00bbdefault\u00bb custom_padding=\u00bb2px||0px|||\u00bb][et_pb_row _builder_version=\u00bb4.7.7&#8243; _module_preset=\u00bbdefault\u00bb custom_padding=\u00bb38px|||||\u00bb][et_pb_column type=\u00bb4_4&#8243; _builder_version=\u00bb4.7.7&#8243; _module_preset=\u00bbdefault\u00bb][dnxte_text_divider _builder_version=\u00bb4.9.4&#8243; _module_preset=\u00bbdefault\u00bb hover_enabled=\u00bb0&#8243; sticky_enabled=\u00bb0&#8243; dnxt_divider_text=\u00bbSERVICIOS TERAP\u00c9UTICOS\u00bb dnxt_divider_fonts_font_size=\u00bb40px\u00bb dnxt_divider_fonts_font=\u00bb|800|||||||\u00bb][\/dnxte_text_divider][\/et_pb_column][\/et_pb_row][et_pb_row column_structure=\u00bb1_3,1_3,1_3&#8243; _builder_version=\u00bb4.9.4&#8243; _module_preset=\u00bbdefault\u00bb][et_pb_column type=\u00bb1_3&#8243; _builder_version=\u00bb4.9.4&#8243; _module_preset=\u00bbdefault\u00bb][et_pb_blurb title=\u00bbAutoestima\u00bb url=\u00bb@ET-DC@eyJkeW5hbWljIjp0cnVlLCJjb250ZW50IjoicG9zdF9saW5rX3VybF9wYWdlIiwic2V0dGluZ3MiOnsicG9zdF9pZCI6IjI0MTE1NiJ9fQ==@\u00bb image=\u00bbhttps:\/\/cilecuba.com\/wp-content\/uploads\/2025\/03\/autoestima-1.jpg\u00bb module_class=\u00bbefecto-tilt\u00bb _builder_version=\u00bb4.9.4&#8243; _dynamic_attributes=\u00bburl,link_option_url\u00bb _module_preset=\u00bbdefault\u00bb header_font=\u00bb|800|||||||\u00bb header_text_align=\u00bbcenter\u00bb header_text_color=\u00bb#6b6b6b\u00bb header_font_size=\u00bb23px\u00bb background_enable_color=\u00bboff\u00bb custom_padding=\u00bb||20px||false|false\u00bb link_option_url=\u00bb@ET-DC@eyJkeW5hbWljIjp0cnVlLCJjb250ZW50IjoicG9zdF9saW5rX3VybF9wYWdlIiwic2V0dGluZ3MiOnsicG9zdF9pZCI6IjI0MTE1NiJ9fQ==@\u00bb box_shadow_style=\u00bbpreset1&#8243;][\/et_pb_blurb][\/et_pb_column][et_pb_column type=\u00bb1_3&#8243; _builder_version=\u00bb4.9.4&#8243; _module_preset=\u00bbdefault\u00bb][et_pb_blurb title=\u00bbAdicciones\u00bb url=\u00bb@ET-DC@eyJkeW5hbWljIjp0cnVlLCJjb250ZW50IjoicG9zdF9saW5rX3VybF9wYWdlIiwic2V0dGluZ3MiOnsicG9zdF9pZCI6IjI0MTE2MiJ9fQ==@\u00bb image=\u00bbhttps:\/\/cilecuba.com\/wp-content\/uploads\/2025\/03\/adicciones.jpg\u00bb module_class=\u00bbefecto-tilt\u00bb _builder_version=\u00bb4.9.4&#8243; _dynamic_attributes=\u00bburl,link_option_url\u00bb _module_preset=\u00bbdefault\u00bb header_font=\u00bb|800|||||||\u00bb header_text_align=\u00bbcenter\u00bb header_text_color=\u00bb#6b6b6b\u00bb header_font_size=\u00bb23px\u00bb background_enable_color=\u00bboff\u00bb custom_padding=\u00bb||20px||false|false\u00bb link_option_url=\u00bb@ET-DC@eyJkeW5hbWljIjp0cnVlLCJjb250ZW50IjoicG9zdF9saW5rX3VybF9wYWdlIiwic2V0dGluZ3MiOnsicG9zdF9pZCI6IjI0MTE2MiJ9fQ==@\u00bb box_shadow_style=\u00bbpreset1&#8243;][\/et_pb_blurb][\/et_pb_column][et_pb_column type=\u00bb1_3&#8243; _builder_version=\u00bb4.9.4&#8243; _module_preset=\u00bbdefault\u00bb][et_pb_blurb title=\u00bbAnsiedad\u00bb url=\u00bb@ET-DC@eyJkeW5hbWljIjp0cnVlLCJjb250ZW50IjoicG9zdF9saW5rX3VybF9wYWdlIiwic2V0dGluZ3MiOnsicG9zdF9pZCI6IjI0MTE2NiJ9fQ==@\u00bb image=\u00bbhttps:\/\/cilecuba.com\/wp-content\/uploads\/2025\/03\/ansiedad0.jpg\u00bb module_class=\u00bbefecto-tilt\u00bb _builder_version=\u00bb4.9.4&#8243; _dynamic_attributes=\u00bburl,link_option_url\u00bb _module_preset=\u00bbdefault\u00bb header_font=\u00bb|800|||||||\u00bb header_text_align=\u00bbcenter\u00bb header_text_color=\u00bb#6b6b6b\u00bb header_font_size=\u00bb23px\u00bb background_enable_color=\u00bboff\u00bb custom_padding=\u00bb||20px||false|false\u00bb link_option_url=\u00bb@ET-DC@eyJkeW5hbWljIjp0cnVlLCJjb250ZW50IjoicG9zdF9saW5rX3VybF9wYWdlIiwic2V0dGluZ3MiOnsicG9zdF9pZCI6IjI0MTE2NiJ9fQ==@\u00bb box_shadow_style=\u00bbpreset1&#8243;][\/et_pb_blurb][\/et_pb_column][\/et_pb_row][et_pb_row column_structure=\u00bb1_3,1_3,1_3&#8243; _builder_version=\u00bb4.9.4&#8243; _module_preset=\u00bbdefault\u00bb][et_pb_column type=\u00bb1_3&#8243; _builder_version=\u00bb4.9.4&#8243; _module_preset=\u00bbdefault\u00bb][et_pb_blurb title=\u00bbDuelo\u00bb url=\u00bb@ET-DC@eyJkeW5hbWljIjp0cnVlLCJjb250ZW50IjoicG9zdF9saW5rX3VybF9wYWdlIiwic2V0dGluZ3MiOnsicG9zdF9pZCI6IjI0MTE4OCJ9fQ==@\u00bb image=\u00bbhttps:\/\/cilecuba.com\/wp-content\/uploads\/2025\/03\/duelo.jpg\u00bb module_class=\u00bbefecto-tilt\u00bb _builder_version=\u00bb4.9.4&#8243; _dynamic_attributes=\u00bburl,link_option_url\u00bb _module_preset=\u00bbdefault\u00bb header_font=\u00bb|800|||||||\u00bb header_text_align=\u00bbcenter\u00bb header_text_color=\u00bb#6b6b6b\u00bb header_font_size=\u00bb23px\u00bb background_enable_color=\u00bboff\u00bb custom_padding=\u00bb||20px||false|false\u00bb link_option_url=\u00bb@ET-DC@eyJkeW5hbWljIjp0cnVlLCJjb250ZW50IjoicG9zdF9saW5rX3VybF9wYWdlIiwic2V0dGluZ3MiOnsicG9zdF9pZCI6IjI0MTE4OCJ9fQ==@\u00bb box_shadow_style=\u00bbpreset1&#8243;][\/et_pb_blurb][\/et_pb_column][et_pb_column type=\u00bb1_3&#8243; _builder_version=\u00bb4.9.4&#8243; _module_preset=\u00bbdefault\u00bb][et_pb_blurb title=\u00bbInsomnio\u00bb url=\u00bb@ET-DC@eyJkeW5hbWljIjp0cnVlLCJjb250ZW50IjoicG9zdF9saW5rX3VybF9wYWdlIiwic2V0dGluZ3MiOnsicG9zdF9pZCI6IjI0MTIwMSJ9fQ==@\u00bb image=\u00bbhttps:\/\/cilecuba.com\/wp-content\/uploads\/2025\/03\/Insomnio.jpg\u00bb module_class=\u00bbefecto-tilt\u00bb _builder_version=\u00bb4.9.4&#8243; _dynamic_attributes=\u00bburl,link_option_url\u00bb _module_preset=\u00bbdefault\u00bb header_font=\u00bb|800|||||||\u00bb header_text_align=\u00bbcenter\u00bb header_text_color=\u00bb#6b6b6b\u00bb header_font_size=\u00bb23px\u00bb background_enable_color=\u00bboff\u00bb custom_padding=\u00bb||20px||false|false\u00bb link_option_url=\u00bb@ET-DC@eyJkeW5hbWljIjp0cnVlLCJjb250ZW50IjoicG9zdF9saW5rX3VybF9wYWdlIiwic2V0dGluZ3MiOnsicG9zdF9pZCI6IjI0MTIwMSJ9fQ==@\u00bb box_shadow_style=\u00bbpreset1&#8243;][\/et_pb_blurb][\/et_pb_column][et_pb_column type=\u00bb1_3&#8243; _builder_version=\u00bb4.9.4&#8243; _module_preset=\u00bbdefault\u00bb][et_pb_blurb title=\u00bbDependencia Emocional\u00bb url=\u00bb@ET-DC@eyJkeW5hbWljIjp0cnVlLCJjb250ZW50IjoicG9zdF9saW5rX3VybF9wYWdlIiwic2V0dGluZ3MiOnsicG9zdF9pZCI6IjI0MTE3OCJ9fQ==@\u00bb image=\u00bbhttps:\/\/cilecuba.com\/wp-content\/uploads\/2025\/03\/Dependencia-Emocional.jpg\u00bb module_class=\u00bbefecto-tilt\u00bb _builder_version=\u00bb4.9.4&#8243; _dynamic_attributes=\u00bburl,link_option_url\u00bb _module_preset=\u00bbdefault\u00bb header_font=\u00bb|800|||||||\u00bb header_text_align=\u00bbcenter\u00bb header_text_color=\u00bb#6b6b6b\u00bb header_font_size=\u00bb23px\u00bb background_enable_color=\u00bboff\u00bb custom_padding=\u00bb||20px||false|false\u00bb link_option_url=\u00bb@ET-DC@eyJkeW5hbWljIjp0cnVlLCJjb250ZW50IjoicG9zdF9saW5rX3VybF9wYWdlIiwic2V0dGluZ3MiOnsicG9zdF9pZCI6IjI0MTE3OCJ9fQ==@\u00bb box_shadow_style=\u00bbpreset1&#8243;][\/et_pb_blurb][\/et_pb_column][\/et_pb_row][et_pb_row column_structure=\u00bb1_3,1_3,1_3&#8243; _builder_version=\u00bb4.9.4&#8243; _module_preset=\u00bbdefault\u00bb][et_pb_column type=\u00bb1_3&#8243; _builder_version=\u00bb4.9.4&#8243; _module_preset=\u00bbdefault\u00bb][et_pb_blurb title=\u00bbFobias\u00bb url=\u00bb@ET-DC@eyJkeW5hbWljIjp0cnVlLCJjb250ZW50IjoicG9zdF9saW5rX3VybF9wYWdlIiwic2V0dGluZ3MiOnsicG9zdF9pZCI6IjI0MTE5MiJ9fQ==@\u00bb image=\u00bbhttps:\/\/cilecuba.com\/wp-content\/uploads\/2025\/03\/fobias.jpg\u00bb module_class=\u00bbefecto-tilt\u00bb _builder_version=\u00bb4.9.4&#8243; _dynamic_attributes=\u00bburl,link_option_url\u00bb _module_preset=\u00bbdefault\u00bb header_font=\u00bb|800|||||||\u00bb header_text_align=\u00bbcenter\u00bb header_text_color=\u00bb#6b6b6b\u00bb header_font_size=\u00bb23px\u00bb background_enable_color=\u00bboff\u00bb custom_padding=\u00bb||20px||false|false\u00bb link_option_url=\u00bb@ET-DC@eyJkeW5hbWljIjp0cnVlLCJjb250ZW50IjoicG9zdF9saW5rX3VybF9wYWdlIiwic2V0dGluZ3MiOnsicG9zdF9pZCI6IjI0MTE5MiJ9fQ==@\u00bb box_shadow_style=\u00bbpreset1&#8243;][\/et_pb_blurb][\/et_pb_column][et_pb_column type=\u00bb1_3&#8243; _builder_version=\u00bb4.9.4&#8243; _module_preset=\u00bbdefault\u00bb][et_pb_blurb title=\u00bbConflictos de Pareja\u00bb url=\u00bb@ET-DC@eyJkeW5hbWljIjp0cnVlLCJjb250ZW50IjoicG9zdF9saW5rX3VybF9wYWdlIiwic2V0dGluZ3MiOnsicG9zdF9pZCI6IjI0MTE3MCJ9fQ==@\u00bb image=\u00bbhttps:\/\/cilecuba.com\/wp-content\/uploads\/2025\/03\/Conflictos-de-Pareja.jpg\u00bb module_class=\u00bbefecto-tilt\u00bb _builder_version=\u00bb4.9.4&#8243; _dynamic_attributes=\u00bburl,link_option_url\u00bb _module_preset=\u00bbdefault\u00bb header_font=\u00bb|800|||||||\u00bb header_text_align=\u00bbcenter\u00bb header_text_color=\u00bb#6b6b6b\u00bb header_font_size=\u00bb23px\u00bb background_enable_color=\u00bboff\u00bb custom_padding=\u00bb||20px||false|false\u00bb link_option_url=\u00bb@ET-DC@eyJkeW5hbWljIjp0cnVlLCJjb250ZW50IjoicG9zdF9saW5rX3VybF9wYWdlIiwic2V0dGluZ3MiOnsicG9zdF9pZCI6IjI0MTE3MCJ9fQ==@\u00bb box_shadow_style=\u00bbpreset1&#8243;][\/et_pb_blurb][\/et_pb_column][et_pb_column type=\u00bb1_3&#8243; _builder_version=\u00bb4.9.4&#8243; _module_preset=\u00bbdefault\u00bb][et_pb_blurb title=\u00bbTerapia Familiar\u00bb url=\u00bb@ET-DC@eyJkeW5hbWljIjp0cnVlLCJjb250ZW50IjoicG9zdF9saW5rX3VybF9wYWdlIiwic2V0dGluZ3MiOnsicG9zdF9pZCI6IjI0MTIyNCJ9fQ==@\u00bb image=\u00bbhttps:\/\/cilecuba.com\/wp-content\/uploads\/2025\/03\/Terapia-Familiar.jpg\u00bb module_class=\u00bbefecto-tilt\u00bb _builder_version=\u00bb4.9.4&#8243; _dynamic_attributes=\u00bburl,link_option_url\u00bb _module_preset=\u00bbdefault\u00bb header_font=\u00bb|800|||||||\u00bb header_text_align=\u00bbcenter\u00bb header_text_color=\u00bb#6b6b6b\u00bb header_font_size=\u00bb23px\u00bb background_enable_color=\u00bboff\u00bb custom_padding=\u00bb||20px||false|false\u00bb link_option_url=\u00bb@ET-DC@eyJkeW5hbWljIjp0cnVlLCJjb250ZW50IjoicG9zdF9saW5rX3VybF9wYWdlIiwic2V0dGluZ3MiOnsicG9zdF9pZCI6IjI0MTIyNCJ9fQ==@\u00bb box_shadow_style=\u00bbpreset1&#8243;][\/et_pb_blurb][\/et_pb_column][\/et_pb_row][et_pb_row column_structure=\u00bb1_3,1_3,1_3&#8243; _builder_version=\u00bb4.9.4&#8243; _module_preset=\u00bbdefault\u00bb][et_pb_column type=\u00bb1_3&#8243; _builder_version=\u00bb4.9.4&#8243; _module_preset=\u00bbdefault\u00bb][et_pb_blurb title=\u00bbDepresi\u00f3n\u00bb url=\u00bb@ET-DC@eyJkeW5hbWljIjp0cnVlLCJjb250ZW50IjoicG9zdF9saW5rX3VybF9wYWdlIiwic2V0dGluZ3MiOnsicG9zdF9pZCI6IjI0MTE4MiJ9fQ==@\u00bb image=\u00bbhttps:\/\/cilecuba.com\/wp-content\/uploads\/2025\/03\/Depresion.jpg\u00bb module_class=\u00bbefecto-tilt\u00bb _builder_version=\u00bb4.9.4&#8243; _dynamic_attributes=\u00bburl,link_option_url\u00bb _module_preset=\u00bbdefault\u00bb header_font=\u00bb|800|||||||\u00bb header_text_align=\u00bbcenter\u00bb header_text_color=\u00bb#6b6b6b\u00bb header_font_size=\u00bb23px\u00bb background_enable_color=\u00bboff\u00bb custom_padding=\u00bb||20px||false|false\u00bb link_option_url=\u00bb@ET-DC@eyJkeW5hbWljIjp0cnVlLCJjb250ZW50IjoicG9zdF9saW5rX3VybF9wYWdlIiwic2V0dGluZ3MiOnsicG9zdF9pZCI6IjI0MTE4MiJ9fQ==@\u00bb box_shadow_style=\u00bbpreset1&#8243;][\/et_pb_blurb][\/et_pb_column][et_pb_column type=\u00bb1_3&#8243; _builder_version=\u00bb4.9.4&#8243; _module_preset=\u00bbdefault\u00bb][et_pb_blurb title=\u00bbProblemas de aprendizaje\u00bb url=\u00bb@ET-DC@eyJkeW5hbWljIjp0cnVlLCJjb250ZW50IjoicG9zdF9saW5rX3VybF9wYWdlIiwic2V0dGluZ3MiOnsicG9zdF9pZCI6IjI0MTIwOSJ9fQ==@\u00bb image=\u00bbhttps:\/\/cilecuba.com\/wp-content\/uploads\/2025\/03\/problemas-1.jpg\u00bb module_class=\u00bbefecto-tilt\u00bb _builder_version=\u00bb4.9.4&#8243; _dynamic_attributes=\u00bburl,link_option_url\u00bb _module_preset=\u00bbdefault\u00bb header_font=\u00bb|800|||||||\u00bb header_text_align=\u00bbcenter\u00bb header_text_color=\u00bb#6b6b6b\u00bb header_font_size=\u00bb23px\u00bb background_enable_color=\u00bboff\u00bb custom_padding=\u00bb||20px||false|false\u00bb link_option_url=\u00bb@ET-DC@eyJkeW5hbWljIjp0cnVlLCJjb250ZW50IjoicG9zdF9saW5rX3VybF9wYWdlIiwic2V0dGluZ3MiOnsicG9zdF9pZCI6IjI0MTIwOSJ9fQ==@\u00bb box_shadow_style=\u00bbpreset1&#8243;][\/et_pb_blurb][\/et_pb_column][et_pb_column type=\u00bb1_3&#8243; _builder_version=\u00bb4.9.4&#8243; _module_preset=\u00bbdefault\u00bb][et_pb_blurb title=\u00bbConsejer\u00eda de Crianza\u00bb url=\u00bb@ET-DC@eyJkeW5hbWljIjp0cnVlLCJjb250ZW50IjoicG9zdF9saW5rX3VybF9wYWdlIiwic2V0dGluZ3MiOnsicG9zdF9pZCI6IjI0MTE3NCJ9fQ==@\u00bb image=\u00bbhttps:\/\/cilecuba.com\/wp-content\/uploads\/2025\/03\/Consejeria-de-Crianza.jpg\u00bb module_class=\u00bbefecto-tilt\u00bb _builder_version=\u00bb4.9.4&#8243; _dynamic_attributes=\u00bburl,link_option_url\u00bb _module_preset=\u00bbdefault\u00bb header_font=\u00bb|800|||||||\u00bb header_text_align=\u00bbcenter\u00bb header_text_color=\u00bb#6b6b6b\u00bb header_font_size=\u00bb23px\u00bb background_enable_color=\u00bboff\u00bb custom_padding=\u00bb||20px||false|false\u00bb link_option_url=\u00bb@ET-DC@eyJkeW5hbWljIjp0cnVlLCJjb250ZW50IjoicG9zdF9saW5rX3VybF9wYWdlIiwic2V0dGluZ3MiOnsicG9zdF9pZCI6IjI0MTE3NCJ9fQ==@\u00bb box_shadow_style=\u00bbpreset1&#8243;][\/et_pb_blurb][\/et_pb_column][\/et_pb_row][et_pb_row column_structure=\u00bb1_3,1_3,1_3&#8243; make_equal=\u00bbon\u00bb _builder_version=\u00bb4.9.4&#8243; _module_preset=\u00bbdefault\u00bb][et_pb_column type=\u00bb1_3&#8243; _builder_version=\u00bb4.7.7&#8243; _module_preset=\u00bbdefault\u00bb][et_pb_blurb title=\u00bbInteligencia Emocional\u00bb url=\u00bb@ET-DC@eyJkeW5hbWljIjp0cnVlLCJjb250ZW50IjoicG9zdF9saW5rX3VybF9wYWdlIiwic2V0dGluZ3MiOnsicG9zdF9pZCI6IjI0MTIwNSJ9fQ==@\u00bb image=\u00bbhttps:\/\/cilecuba.com\/wp-content\/uploads\/2025\/03\/Inteligencia-Emocional.jpg\u00bb module_class=\u00bbefecto-tilt\u00bb _builder_version=\u00bb4.9.4&#8243; _dynamic_attributes=\u00bburl,link_option_url\u00bb _module_preset=\u00bbdefault\u00bb header_font=\u00bb|800|||||||\u00bb header_text_align=\u00bbcenter\u00bb header_text_color=\u00bb#6b6b6b\u00bb header_font_size=\u00bb23px\u00bb background_enable_color=\u00bboff\u00bb custom_padding=\u00bb||20px||false|false\u00bb link_option_url=\u00bb@ET-DC@eyJkeW5hbWljIjp0cnVlLCJjb250ZW50IjoicG9zdF9saW5rX3VybF9wYWdlIiwic2V0dGluZ3MiOnsicG9zdF9pZCI6IjI0MTIwNSJ9fQ==@\u00bb box_shadow_style=\u00bbpreset1&#8243;][\/et_pb_blurb][\/et_pb_column][et_pb_column type=\u00bb1_3&#8243; _builder_version=\u00bb4.7.7&#8243; _module_preset=\u00bbdefault\u00bb][et_pb_blurb title=\u00bbIdentidad Sexual\u00bb url=\u00bb@ET-DC@eyJkeW5hbWljIjp0cnVlLCJjb250ZW50IjoicG9zdF9saW5rX3VybF9wYWdlIiwic2V0dGluZ3MiOnsicG9zdF9pZCI6IjI0MTE5NiJ9fQ==@\u00bb image=\u00bbhttps:\/\/cilecuba.com\/wp-content\/uploads\/2025\/03\/Identidad-Sexual.jpg\u00bb module_class=\u00bbefecto-tilt\u00bb _builder_version=\u00bb4.9.4&#8243; _dynamic_attributes=\u00bburl,link_option_url\u00bb _module_preset=\u00bbdefault\u00bb header_font=\u00bb|800|||||||\u00bb header_text_align=\u00bbcenter\u00bb header_text_color=\u00bb#6b6b6b\u00bb header_font_size=\u00bb23px\u00bb background_enable_color=\u00bboff\u00bb custom_padding=\u00bb||20px||false|false\u00bb link_option_url=\u00bb@ET-DC@eyJkeW5hbWljIjp0cnVlLCJjb250ZW50IjoicG9zdF9saW5rX3VybF9wYWdlIiwic2V0dGluZ3MiOnsicG9zdF9pZCI6IjI0MTE5NiJ9fQ==@\u00bb box_shadow_style=\u00bbpreset1&#8243;][\/et_pb_blurb][et_pb_blurb title=\u00bbSintomatolog\u00eda F\u00edsica u org\u00e1nica\u00bb url=\u00bb@ET-DC@eyJkeW5hbWljIjp0cnVlLCJjb250ZW50IjoicG9zdF9saW5rX3VybF9wYWdlIiwic2V0dGluZ3MiOnsicG9zdF9pZCI6IjI0MTIxNCJ9fQ==@\u00bb image=\u00bbhttps:\/\/cilecuba.com\/wp-content\/uploads\/2025\/07\/soma.jpg\u00bb module_class=\u00bbefecto-tilt\u00bb _builder_version=\u00bb4.9.4&#8243; _dynamic_attributes=\u00bburl,link_option_url\u00bb _module_preset=\u00bbdefault\u00bb header_font=\u00bb|800|||||||\u00bb header_text_align=\u00bbcenter\u00bb header_text_color=\u00bb#6b6b6b\u00bb header_font_size=\u00bb23px\u00bb background_enable_color=\u00bboff\u00bb custom_padding=\u00bb||20px||false|false\u00bb link_option_url=\u00bb@ET-DC@eyJkeW5hbWljIjp0cnVlLCJjb250ZW50IjoicG9zdF9saW5rX3VybF9wYWdlIiwic2V0dGluZ3MiOnsicG9zdF9pZCI6IjI0MTIxNCJ9fQ==@\u00bb box_shadow_style=\u00bbpreset1&#8243;][\/et_pb_blurb][\/et_pb_column][et_pb_column type=\u00bb1_3&#8243; _builder_version=\u00bb4.7.7&#8243; _module_preset=\u00bbdefault\u00bb][et_pb_blurb title=\u00bbSobrepeso\u00bb url=\u00bb@ET-DC@eyJkeW5hbWljIjp0cnVlLCJjb250ZW50IjoicG9zdF9saW5rX3VybF9wYWdlIiwic2V0dGluZ3MiOnsicG9zdF9pZCI6IjI0MTIxOSJ9fQ==@\u00bb image=\u00bbhttps:\/\/cilecuba.com\/wp-content\/uploads\/2025\/07\/obesidad.jpg\u00bb module_class=\u00bbefecto-tilt\u00bb _builder_version=\u00bb4.9.4&#8243; _dynamic_attributes=\u00bburl,link_option_url\u00bb _module_preset=\u00bbdefault\u00bb header_font=\u00bb|800|||||||\u00bb header_text_align=\u00bbcenter\u00bb header_text_color=\u00bb#6b6b6b\u00bb header_font_size=\u00bb23px\u00bb background_enable_color=\u00bboff\u00bb custom_padding=\u00bb||20px||false|false\u00bb link_option_url=\u00bb@ET-DC@eyJkeW5hbWljIjp0cnVlLCJjb250ZW50IjoicG9zdF9saW5rX3VybF9wYWdlIiwic2V0dGluZ3MiOnsicG9zdF9pZCI6IjI0MTIxOSJ9fQ==@\u00bb box_shadow_style=\u00bbpreset1&#8243;][\/et_pb_blurb][\/et_pb_column][\/et_pb_row][\/et_pb_section][et_pb_section fb_built=\u00bb1&#8243; fullwidth=\u00bbon\u00bb _builder_version=\u00bb4.9.4&#8243; _module_preset=\u00bbdefault\u00bb][et_pb_fullwidth_header title=\u00bbMi servicio terap\u00e9utico es un canal de transformaci\u00f3n emocional\u00bb _builder_version=\u00bb4.9.4&#8243; _module_preset=\u00bbdefault\u00bb title_font=\u00bb|700|||||||\u00bb title_text_align=\u00bbcenter\u00bb title_font_size=\u00bb40px\u00bb background_color=\u00bb#E02B20&#8243; custom_margin=\u00bb||||false|false\u00bb][\/et_pb_fullwidth_header][\/et_pb_section]<\/p>\n","protected":false},"excerpt":{"rendered":"<p>[et_pb_section fb_built=\u00bb1&#8243; fullwidth=\u00bbon\u00bb _builder_version=\u00bb4.9.4&#8243; _module_preset=\u00bbdefault\u00bb custom_margin=\u00bb-173px||||false|false\u00bb][et_pb_fullwidth_code _builder_version=\u00bb4.9.4&#8243; _module_preset=\u00bbdefault\u00bb hover_enabled=\u00bb0&#8243; custom_margin=\u00bb172px||||false|false\u00bb sticky_enabled=\u00bb0&#8243;][\/et_pb_fullwidth_code][\/et_pb_section][et_pb_section fb_built=\u00bb1&#8243; _builder_version=\u00bb4.7.7&#8243; _module_preset=\u00bbdefault\u00bb custom_padding=\u00bb2px||0px|||\u00bb][et_pb_row _builder_version=\u00bb4.7.7&#8243; _module_preset=\u00bbdefault\u00bb custom_padding=\u00bb38px|||||\u00bb][et_pb_column type=\u00bb4_4&#8243; _builder_version=\u00bb4.7.7&#8243; _module_preset=\u00bbdefault\u00bb][dnxte_text_divider _builder_version=\u00bb4.9.4&#8243; _module_preset=\u00bbdefault\u00bb hover_enabled=\u00bb0&#8243; sticky_enabled=\u00bb0&#8243; dnxt_divider_text=\u00bbSERVICIOS TERAP\u00c9UTICOS\u00bb dnxt_divider_fonts_font_size=\u00bb40px\u00bb dnxt_divider_fonts_font=\u00bb|800|||||||\u00bb][\/dnxte_text_divider][\/et_pb_column][\/et_pb_row][et_pb_row column_structure=\u00bb1_3,1_3,1_3&#8243; _builder_version=\u00bb4.9.4&#8243; _module_preset=\u00bbdefault\u00bb][et_pb_column type=\u00bb1_3&#8243; _builder_version=\u00bb4.9.4&#8243; _module_preset=\u00bbdefault\u00bb][et_pb_blurb title=\u00bbAutoestima\u00bb url=\u00bb@ET-DC@eyJkeW5hbWljIjp0cnVlLCJjb250ZW50IjoicG9zdF9saW5rX3VybF9wYWdlIiwic2V0dGluZ3MiOnsicG9zdF9pZCI6IjI0MTE1NiJ9fQ==@\u00bb image=\u00bbhttps:\/\/cilecuba.com\/wp-content\/uploads\/2025\/03\/autoestima-1.jpg\u00bb module_class=\u00bbefecto-tilt\u00bb _builder_version=\u00bb4.9.4&#8243; _dynamic_attributes=\u00bburl,link_option_url\u00bb _module_preset=\u00bbdefault\u00bb header_font=\u00bb|800|||||||\u00bb header_text_align=\u00bbcenter\u00bb header_text_color=\u00bb#6b6b6b\u00bb header_font_size=\u00bb23px\u00bb background_enable_color=\u00bboff\u00bb custom_padding=\u00bb||20px||false|false\u00bb link_option_url=\u00bb@ET-DC@eyJkeW5hbWljIjp0cnVlLCJjb250ZW50IjoicG9zdF9saW5rX3VybF9wYWdlIiwic2V0dGluZ3MiOnsicG9zdF9pZCI6IjI0MTE1NiJ9fQ==@\u00bb box_shadow_style=\u00bbpreset1&#8243;][\/et_pb_blurb][\/et_pb_column][et_pb_column type=\u00bb1_3&#8243; _builder_version=\u00bb4.9.4&#8243; _module_preset=\u00bbdefault\u00bb][et_pb_blurb title=\u00bbAdicciones\u00bb url=\u00bb@ET-DC@eyJkeW5hbWljIjp0cnVlLCJjb250ZW50IjoicG9zdF9saW5rX3VybF9wYWdlIiwic2V0dGluZ3MiOnsicG9zdF9pZCI6IjI0MTE2MiJ9fQ==@\u00bb [&hellip;]<\/p>\n","protected":false},"author":1,"featured_media":0,"parent":0,"menu_order":0,"comment_status":"closed","ping_status":"closed","template":"","meta":{"_et_pb_use_builder":"on","_et_pb_old_content":"","_et_gb_content_width":"","_joinchat":[],"footnotes":""},"class_list":["post-240789","page","type-page","status-publish","hentry"],"_links":{"self":[{"href":"https:\/\/cilecuba.com\/index.php\/wp-json\/wp\/v2\/pages\/240789","targetHints":{"allow":["GET"]}}],"collection":[{"href":"https:\/\/cilecuba.com\/index.php\/wp-json\/wp\/v2\/pages"}],"about":[{"href":"https:\/\/cilecuba.com\/index.php\/wp-json\/wp\/v2\/types\/page"}],"author":[{"embeddable":true,"href":"https:\/\/cilecuba.com\/index.php\/wp-json\/wp\/v2\/users\/1"}],"replies":[{"embeddable":true,"href":"https:\/\/cilecuba.com\/index.php\/wp-json\/wp\/v2\/comments?post=240789"}],"version-history":[{"count":14,"href":"https:\/\/cilecuba.com\/index.php\/wp-json\/wp\/v2\/pages\/240789\/revisions"}],"predecessor-version":[{"id":241339,"href":"https:\/\/cilecuba.com\/index.php\/wp-json\/wp\/v2\/pages\/240789\/revisions\/241339"}],"wp:attachment":[{"href":"https:\/\/cilecuba.com\/index.php\/wp-json\/wp\/v2\/media?parent=240789"}],"curies":[{"name":"wp","href":"https:\/\/api.w.org\/{rel}","templated":true}]}}